{"id":6,"date":"2018-01-16T21:02:36","date_gmt":"2018-01-16T20:02:36","guid":{"rendered":"http:\/\/zwirner.com\/one-man-band\/?page_id=6"},"modified":"2021-07-02T13:03:41","modified_gmt":"2021-07-02T11:03:41","slug":"band","status":"publish","type":"page","link":"https:\/\/zwirner.com\/one-man-band\/band\/","title":{"rendered":"Band (Duo\/Trio)-Demos"},"content":{"rendered":"<h2>Rolf Zwirner &amp; Friends<\/h2>\n<p>Abendf\u00fcllende internationale Rock-, Pop-, Party- und Covermusik von A-Z f\u00fcr Hochzeit, Geburtstag, Firmenfeier, Sommerfest, Party, Jubil\u00e4um, Weihnachtsfeier und viel weitere Events.<br \/>\nNat\u00fcrlich k\u00f6nnen Sie mich auch in gr\u00f6\u00dferer Besetzung buchen.<br \/>\nDie Formation &#8222;<a href=\"http:\/\/rolf-zwirner-and-friends.de\" target=\"_blank\" rel=\"noopener noreferrer\">Rolf Zwirner &amp; Friends<\/a>&#8220; bietet variable Besetzungen von Duo bis Quintett. Neben unserer Spielfreude sind professionelle Performance auf international hohem Niveau, tolle Animation , Virtuosit\u00e4t und perfekter Sound unsere Qualit\u00e4tsma\u00dfst\u00e4be.<\/p>\n<p><strong>&#8211; Keine Schlager, Volksmusik, Ballermann oder Apr\u00e9s-Ski-Musik &#8211;<\/strong><\/p>\n<p><a href=\"https:\/\/zwirner.com\/livemusik\/media\/rolf%20zwirner%20and%20friends%20-%20live%20-%20juni%202017.mp4\" target=\"_blank\" rel=\"noopener noreferrer\"><img loading=\"lazy\" decoding=\"async\" class=\"aligncenter wp-image-362 size-full\" src=\"http:\/\/zwirner.com\/one-man-band\/wp-content\/uploads\/2019\/02\/20180908_1004a.jpg\" alt=\"\" width=\"3600\" height=\"2400\" srcset=\"https:\/\/zwirner.com\/one-man-band\/wp-content\/uploads\/2019\/02\/20180908_1004a.jpg 3600w, https:\/\/zwirner.com\/one-man-band\/wp-content\/uploads\/2019\/02\/20180908_1004a-300x200.jpg 300w, https:\/\/zwirner.com\/one-man-band\/wp-content\/uploads\/2019\/02\/20180908_1004a-768x512.jpg 768w, https:\/\/zwirner.com\/one-man-band\/wp-content\/uploads\/2019\/02\/20180908_1004a-1024x683.jpg 1024w\" sizes=\"auto, (max-width: 767px) 89vw, (max-width: 1000px) 54vw, (max-width: 1071px) 543px, 580px\" \/><\/a><\/p>\n<p><a href=\"https:\/\/zwirner.com\/livemusik\/media\/rolf_patrick_june_2018.mp4\" target=\"_blank\" rel=\"noopener noreferrer\"><img loading=\"lazy\" decoding=\"async\" class=\"aligncenter wp-image-363 size-full\" src=\"http:\/\/zwirner.com\/one-man-band\/wp-content\/uploads\/2019\/02\/20180908_1051.jpg\" alt=\"\" width=\"3600\" height=\"2400\" srcset=\"https:\/\/zwirner.com\/one-man-band\/wp-content\/uploads\/2019\/02\/20180908_1051.jpg 3600w, https:\/\/zwirner.com\/one-man-band\/wp-content\/uploads\/2019\/02\/20180908_1051-300x200.jpg 300w, https:\/\/zwirner.com\/one-man-band\/wp-content\/uploads\/2019\/02\/20180908_1051-768x512.jpg 768w, https:\/\/zwirner.com\/one-man-band\/wp-content\/uploads\/2019\/02\/20180908_1051-1024x683.jpg 1024w\" sizes=\"auto, (max-width: 767px) 89vw, (max-width: 1000px) 54vw, (max-width: 1071px) 543px, 580px\" \/><\/a><\/p>\n<p><iframe loading=\"lazy\" src=\"https:\/\/www.youtube.com\/embed\/lCOb_BxdlFg\" width=\"740\" height=\"416\" frameborder=\"0\" allowfullscreen=\"allowfullscreen\"><span style=\"display: inline-block; width: 0px; overflow: hidden; line-height: 0;\" data-mce-type=\"bookmark\" class=\"mce_SELRES_start\">\ufeff<\/span><span style=\"display: inline-block; width: 0px; overflow: hidden; line-height: 0;\" data-mce-type=\"bookmark\" class=\"mce_SELRES_start\">\ufeff<\/span><span style=\"display: inline-block; width: 0px; overflow: hidden; line-height: 0;\" data-mce-type=\"bookmark\" class=\"mce_SELRES_start\">\ufeff<\/span><span style=\"display: inline-block; width: 0px; overflow: hidden; line-height: 0;\" data-mce-type=\"bookmark\" class=\"mce_SELRES_start\">\ufeff<\/span><\/iframe><\/p>\n<p><a href=\"http:\/\/zwirner.com\/livemusik\/media\/collins_clip_01.mp4\" target=\"_blank\" rel=\"noopener noreferrer\"><img loading=\"lazy\" decoding=\"async\" class=\"aligncenter wp-image-359 size-full\" src=\"http:\/\/zwirner.com\/one-man-band\/wp-content\/uploads\/2019\/02\/rolf_collins.jpg\" alt=\"\" width=\"2253\" height=\"1677\" srcset=\"https:\/\/zwirner.com\/one-man-band\/wp-content\/uploads\/2019\/02\/rolf_collins.jpg 2253w, https:\/\/zwirner.com\/one-man-band\/wp-content\/uploads\/2019\/02\/rolf_collins-300x223.jpg 300w, https:\/\/zwirner.com\/one-man-band\/wp-content\/uploads\/2019\/02\/rolf_collins-768x572.jpg 768w, https:\/\/zwirner.com\/one-man-band\/wp-content\/uploads\/2019\/02\/rolf_collins-1024x762.jpg 1024w\" sizes=\"auto, (max-width: 767px) 89vw, (max-width: 1000px) 54vw, (max-width: 1071px) 543px, 580px\" \/><\/a><\/p>\n<p><a href=\"https:\/\/zwirner.com\/livemusik\/media\/magic_black_demo_01.mp4\" target=\"_blank\" rel=\"noopener noreferrer\"><img loading=\"lazy\" decoding=\"async\" class=\"aligncenter wp-image-374 size-full\" src=\"http:\/\/zwirner.com\/one-man-band\/wp-content\/uploads\/2019\/02\/20180908_1187.jpg\" alt=\"\" width=\"3600\" height=\"2400\" srcset=\"https:\/\/zwirner.com\/one-man-band\/wp-content\/uploads\/2019\/02\/20180908_1187.jpg 3600w, https:\/\/zwirner.com\/one-man-band\/wp-content\/uploads\/2019\/02\/20180908_1187-300x200.jpg 300w, https:\/\/zwirner.com\/one-man-band\/wp-content\/uploads\/2019\/02\/20180908_1187-768x512.jpg 768w, https:\/\/zwirner.com\/one-man-band\/wp-content\/uploads\/2019\/02\/20180908_1187-1024x683.jpg 1024w\" sizes=\"auto, (max-width: 767px) 89vw, (max-width: 1000px) 54vw, (max-width: 1071px) 543px, 580px\" \/><\/a><\/p>\n<p>Nat\u00fcrlich bieten wir auch bei Auftritten mit unserer Band ein super &#8222;Einstiegsprogramm&#8220; zum Sektempfang oder Essen an, das ein sehr angenehmes, wohltuendes Ambiente erzeugt.<\/p>\n<p><iframe loading=\"lazy\" title=\"Rolf Zwirner &amp; Collins Peter Nyandeje - &quot;Stand By Me&quot;, LIve-Improvisation\" width=\"525\" height=\"295\" src=\"https:\/\/www.youtube.com\/embed\/KUurdJlcd0I?feature=oembed\" frameborder=\"0\" allow=\"accelerometer; autoplay; clipboard-write; encrypted-media; gyroscope; picture-in-picture; web-share\" referrerpolicy=\"strict-origin-when-cross-origin\" allowfullscreen><\/iframe><\/p>\n<p><iframe loading=\"lazy\" title=\"Rolf Zwirner &amp; Collins Peter Nyandeje - &quot;Autumn Leaves&quot;, LIve-Improvisation\" width=\"525\" height=\"295\" src=\"https:\/\/www.youtube.com\/embed\/0GADUppM03w?feature=oembed\" frameborder=\"0\" allow=\"accelerometer; autoplay; clipboard-write; encrypted-media; gyroscope; picture-in-picture; web-share\" referrerpolicy=\"strict-origin-when-cross-origin\" allowfullscreen><\/iframe><\/p>\n","protected":false},"excerpt":{"rendered":"<p>Rolf Zwirner &amp; Friends Abendf\u00fcllende internationale Rock-, Pop-, Party- und Covermusik von A-Z f\u00fcr Hochzeit, Geburtstag, Firmenfeier, Sommerfest, Party, Jubil\u00e4um, Weihnachtsfeier und viel weitere Events. Nat\u00fcrlich k\u00f6nnen Sie mich auch in gr\u00f6\u00dferer Besetzung buchen. Die Formation &#8222;Rolf Zwirner &amp; Friends&#8220; bietet variable Besetzungen von Duo bis Quintett. Neben unserer Spielfreude sind professionelle Performance auf international &hellip; <\/p>\n<p class=\"link-more\"><a href=\"https:\/\/zwirner.com\/one-man-band\/band\/\" class=\"more-link\"><span class=\"screen-reader-text\">\u201eBand (Duo\/Trio)-Demos\u201c<\/span> weiterlesen<\/a><\/p>\n","protected":false},"author":1,"featured_media":166,"parent":0,"menu_order":0,"comment_status":"closed","ping_status":"closed","template":"","meta":{"footnotes":""},"class_list":["post-6","page","type-page","status-publish","has-post-thumbnail","hentry"],"yoast_head":"<!-- This site is optimized with the Yoast SEO plugin v25.8 - https:\/\/yoast.com\/wordpress\/plugins\/seo\/ -->\n<title>Band (Duo\/Trio)-Demos - &quot;Guitars from Heaven&quot;<\/title>\n<meta name=\"robots\" content=\"index, follow, max-snippet:-1, max-image-preview:large, max-video-preview:-1\" \/>\n<link rel=\"canonical\" href=\"https:\/\/zwirner.com\/one-man-band\/band\/\" \/>\n<meta property=\"og:locale\" content=\"de_DE\" \/>\n<meta property=\"og:type\" content=\"article\" \/>\n<meta property=\"og:title\" content=\"Band (Duo\/Trio)-Demos - &quot;Guitars from Heaven&quot;\" \/>\n<meta property=\"og:description\" content=\"Rolf Zwirner &amp; Friends Abendf\u00fcllende internationale Rock-, Pop-, Party- und Covermusik von A-Z f\u00fcr Hochzeit, Geburtstag, Firmenfeier, Sommerfest, Party, Jubil\u00e4um, Weihnachtsfeier und viel weitere Events. Nat\u00fcrlich k\u00f6nnen Sie mich auch in gr\u00f6\u00dferer Besetzung buchen. Die Formation &#8222;Rolf Zwirner &amp; Friends&#8220; bietet variable Besetzungen von Duo bis Quintett. Neben unserer Spielfreude sind professionelle Performance auf international &hellip; \u201eBand (Duo\/Trio)-Demos\u201c weiterlesen\" \/>\n<meta property=\"og:url\" content=\"https:\/\/zwirner.com\/one-man-band\/band\/\" \/>\n<meta property=\"og:site_name\" content=\"&quot;Guitars from Heaven&quot;\" \/>\n<meta property=\"article:publisher\" content=\"https:\/\/www.facebook.com\/RolfZwirnerAndFriends\/\" \/>\n<meta property=\"article:modified_time\" content=\"2021-07-02T11:03:41+00:00\" \/>\n<meta property=\"og:image\" content=\"https:\/\/zwirner.com\/one-man-band\/wp-content\/uploads\/2018\/01\/inhalt_headerbild_01.jpg\" \/>\n\t<meta property=\"og:image:width\" content=\"2857\" \/>\n\t<meta property=\"og:image:height\" content=\"461\" \/>\n\t<meta property=\"og:image:type\" content=\"image\/jpeg\" \/>\n<meta name=\"twitter:card\" content=\"summary_large_image\" \/>\n<meta name=\"twitter:label1\" content=\"Gesch\u00e4tzte Lesezeit\" \/>\n\t<meta name=\"twitter:data1\" content=\"1\u00a0Minute\" \/>\n<script type=\"application\/ld+json\" class=\"yoast-schema-graph\">{\"@context\":\"https:\/\/schema.org\",\"@graph\":[{\"@type\":\"WebPage\",\"@id\":\"https:\/\/zwirner.com\/one-man-band\/band\/\",\"url\":\"https:\/\/zwirner.com\/one-man-band\/band\/\",\"name\":\"Band (Duo\/Trio)-Demos - &quot;Guitars from Heaven&quot;\",\"isPartOf\":{\"@id\":\"https:\/\/zwirner.com\/one-man-band\/#website\"},\"primaryImageOfPage\":{\"@id\":\"https:\/\/zwirner.com\/one-man-band\/band\/#primaryimage\"},\"image\":{\"@id\":\"https:\/\/zwirner.com\/one-man-band\/band\/#primaryimage\"},\"thumbnailUrl\":\"https:\/\/zwirner.com\/one-man-band\/wp-content\/uploads\/2018\/01\/inhalt_headerbild_01.jpg\",\"datePublished\":\"2018-01-16T20:02:36+00:00\",\"dateModified\":\"2021-07-02T11:03:41+00:00\",\"breadcrumb\":{\"@id\":\"https:\/\/zwirner.com\/one-man-band\/band\/#breadcrumb\"},\"inLanguage\":\"de\",\"potentialAction\":[{\"@type\":\"ReadAction\",\"target\":[\"https:\/\/zwirner.com\/one-man-band\/band\/\"]}]},{\"@type\":\"ImageObject\",\"inLanguage\":\"de\",\"@id\":\"https:\/\/zwirner.com\/one-man-band\/band\/#primaryimage\",\"url\":\"https:\/\/zwirner.com\/one-man-band\/wp-content\/uploads\/2018\/01\/inhalt_headerbild_01.jpg\",\"contentUrl\":\"https:\/\/zwirner.com\/one-man-band\/wp-content\/uploads\/2018\/01\/inhalt_headerbild_01.jpg\",\"width\":2857,\"height\":461,\"caption\":\"Gitarrist f\u00fcr Geburtstagsfeier, Hochzeitsfeier, Event\"},{\"@type\":\"BreadcrumbList\",\"@id\":\"https:\/\/zwirner.com\/one-man-band\/band\/#breadcrumb\",\"itemListElement\":[{\"@type\":\"ListItem\",\"position\":1,\"name\":\"Startseite\",\"item\":\"https:\/\/zwirner.com\/one-man-band\/\"},{\"@type\":\"ListItem\",\"position\":2,\"name\":\"Band (Duo\/Trio)-Demos\"}]},{\"@type\":\"WebSite\",\"@id\":\"https:\/\/zwirner.com\/one-man-band\/#website\",\"url\":\"https:\/\/zwirner.com\/one-man-band\/\",\"name\":\"&quot;Guitars from Heaven&quot;\",\"description\":\"Rolf Zwirner-Solo, Guitar-Instrumentals (optional Violin, Piano)\",\"publisher\":{\"@id\":\"https:\/\/zwirner.com\/one-man-band\/#organization\"},\"potentialAction\":[{\"@type\":\"SearchAction\",\"target\":{\"@type\":\"EntryPoint\",\"urlTemplate\":\"https:\/\/zwirner.com\/one-man-band\/?s={search_term_string}\"},\"query-input\":{\"@type\":\"PropertyValueSpecification\",\"valueRequired\":true,\"valueName\":\"search_term_string\"}}],\"inLanguage\":\"de\"},{\"@type\":\"Organization\",\"@id\":\"https:\/\/zwirner.com\/one-man-band\/#organization\",\"name\":\"Rolf Zwirner, niveauvolle Live-Musik f\u00fcr Ihr Event\",\"url\":\"https:\/\/zwirner.com\/one-man-band\/\",\"logo\":{\"@type\":\"ImageObject\",\"inLanguage\":\"de\",\"@id\":\"https:\/\/zwirner.com\/one-man-band\/#\/schema\/logo\/image\/\",\"url\":\"https:\/\/zwirner.com\/one-man-band\/wp-content\/uploads\/2018\/01\/rolf_solo_01-1.jpg\",\"contentUrl\":\"https:\/\/zwirner.com\/one-man-band\/wp-content\/uploads\/2018\/01\/rolf_solo_01-1.jpg\",\"width\":479,\"height\":615,\"caption\":\"Rolf Zwirner, niveauvolle Live-Musik f\u00fcr Ihr Event\"},\"image\":{\"@id\":\"https:\/\/zwirner.com\/one-man-band\/#\/schema\/logo\/image\/\"},\"sameAs\":[\"https:\/\/www.facebook.com\/RolfZwirnerAndFriends\/\",\"https:\/\/www.youtube.com\/channel\/UC2AW5nN5pnDbxHnVEja22KA\"]}]}<\/script>\n<!-- \/ Yoast SEO plugin. -->","yoast_head_json":{"title":"Band (Duo\/Trio)-Demos - &quot;Guitars from Heaven&quot;","robots":{"index":"index","follow":"follow","max-snippet":"max-snippet:-1","max-image-preview":"max-image-preview:large","max-video-preview":"max-video-preview:-1"},"canonical":"https:\/\/zwirner.com\/one-man-band\/band\/","og_locale":"de_DE","og_type":"article","og_title":"Band (Duo\/Trio)-Demos - &quot;Guitars from Heaven&quot;","og_description":"Rolf Zwirner &amp; Friends Abendf\u00fcllende internationale Rock-, Pop-, Party- und Covermusik von A-Z f\u00fcr Hochzeit, Geburtstag, Firmenfeier, Sommerfest, Party, Jubil\u00e4um, Weihnachtsfeier und viel weitere Events. Nat\u00fcrlich k\u00f6nnen Sie mich auch in gr\u00f6\u00dferer Besetzung buchen. Die Formation &#8222;Rolf Zwirner &amp; Friends&#8220; bietet variable Besetzungen von Duo bis Quintett. Neben unserer Spielfreude sind professionelle Performance auf international &hellip; \u201eBand (Duo\/Trio)-Demos\u201c weiterlesen","og_url":"https:\/\/zwirner.com\/one-man-band\/band\/","og_site_name":"&quot;Guitars from Heaven&quot;","article_publisher":"https:\/\/www.facebook.com\/RolfZwirnerAndFriends\/","article_modified_time":"2021-07-02T11:03:41+00:00","og_image":[{"width":2857,"height":461,"url":"https:\/\/zwirner.com\/one-man-band\/wp-content\/uploads\/2018\/01\/inhalt_headerbild_01.jpg","type":"image\/jpeg"}],"twitter_card":"summary_large_image","twitter_misc":{"Gesch\u00e4tzte Lesezeit":"1\u00a0Minute"},"schema":{"@context":"https:\/\/schema.org","@graph":[{"@type":"WebPage","@id":"https:\/\/zwirner.com\/one-man-band\/band\/","url":"https:\/\/zwirner.com\/one-man-band\/band\/","name":"Band (Duo\/Trio)-Demos - &quot;Guitars from Heaven&quot;","isPartOf":{"@id":"https:\/\/zwirner.com\/one-man-band\/#website"},"primaryImageOfPage":{"@id":"https:\/\/zwirner.com\/one-man-band\/band\/#primaryimage"},"image":{"@id":"https:\/\/zwirner.com\/one-man-band\/band\/#primaryimage"},"thumbnailUrl":"https:\/\/zwirner.com\/one-man-band\/wp-content\/uploads\/2018\/01\/inhalt_headerbild_01.jpg","datePublished":"2018-01-16T20:02:36+00:00","dateModified":"2021-07-02T11:03:41+00:00","breadcrumb":{"@id":"https:\/\/zwirner.com\/one-man-band\/band\/#breadcrumb"},"inLanguage":"de","potentialAction":[{"@type":"ReadAction","target":["https:\/\/zwirner.com\/one-man-band\/band\/"]}]},{"@type":"ImageObject","inLanguage":"de","@id":"https:\/\/zwirner.com\/one-man-band\/band\/#primaryimage","url":"https:\/\/zwirner.com\/one-man-band\/wp-content\/uploads\/2018\/01\/inhalt_headerbild_01.jpg","contentUrl":"https:\/\/zwirner.com\/one-man-band\/wp-content\/uploads\/2018\/01\/inhalt_headerbild_01.jpg","width":2857,"height":461,"caption":"Gitarrist f\u00fcr Geburtstagsfeier, Hochzeitsfeier, Event"},{"@type":"BreadcrumbList","@id":"https:\/\/zwirner.com\/one-man-band\/band\/#breadcrumb","itemListElement":[{"@type":"ListItem","position":1,"name":"Startseite","item":"https:\/\/zwirner.com\/one-man-band\/"},{"@type":"ListItem","position":2,"name":"Band (Duo\/Trio)-Demos"}]},{"@type":"WebSite","@id":"https:\/\/zwirner.com\/one-man-band\/#website","url":"https:\/\/zwirner.com\/one-man-band\/","name":"&quot;Guitars from Heaven&quot;","description":"Rolf Zwirner-Solo, Guitar-Instrumentals (optional Violin, Piano)","publisher":{"@id":"https:\/\/zwirner.com\/one-man-band\/#organization"},"potentialAction":[{"@type":"SearchAction","target":{"@type":"EntryPoint","urlTemplate":"https:\/\/zwirner.com\/one-man-band\/?s={search_term_string}"},"query-input":{"@type":"PropertyValueSpecification","valueRequired":true,"valueName":"search_term_string"}}],"inLanguage":"de"},{"@type":"Organization","@id":"https:\/\/zwirner.com\/one-man-band\/#organization","name":"Rolf Zwirner, niveauvolle Live-Musik f\u00fcr Ihr Event","url":"https:\/\/zwirner.com\/one-man-band\/","logo":{"@type":"ImageObject","inLanguage":"de","@id":"https:\/\/zwirner.com\/one-man-band\/#\/schema\/logo\/image\/","url":"https:\/\/zwirner.com\/one-man-band\/wp-content\/uploads\/2018\/01\/rolf_solo_01-1.jpg","contentUrl":"https:\/\/zwirner.com\/one-man-band\/wp-content\/uploads\/2018\/01\/rolf_solo_01-1.jpg","width":479,"height":615,"caption":"Rolf Zwirner, niveauvolle Live-Musik f\u00fcr Ihr Event"},"image":{"@id":"https:\/\/zwirner.com\/one-man-band\/#\/schema\/logo\/image\/"},"sameAs":["https:\/\/www.facebook.com\/RolfZwirnerAndFriends\/","https:\/\/www.youtube.com\/channel\/UC2AW5nN5pnDbxHnVEja22KA"]}]}},"_links":{"self":[{"href":"https:\/\/zwirner.com\/one-man-band\/wp-json\/wp\/v2\/pages\/6","targetHints":{"allow":["GET"]}}],"collection":[{"href":"https:\/\/zwirner.com\/one-man-band\/wp-json\/wp\/v2\/pages"}],"about":[{"href":"https:\/\/zwirner.com\/one-man-band\/wp-json\/wp\/v2\/types\/page"}],"author":[{"embeddable":true,"href":"https:\/\/zwirner.com\/one-man-band\/wp-json\/wp\/v2\/users\/1"}],"replies":[{"embeddable":true,"href":"https:\/\/zwirner.com\/one-man-band\/wp-json\/wp\/v2\/comments?post=6"}],"version-history":[{"count":40,"href":"https:\/\/zwirner.com\/one-man-band\/wp-json\/wp\/v2\/pages\/6\/revisions"}],"predecessor-version":[{"id":535,"href":"https:\/\/zwirner.com\/one-man-band\/wp-json\/wp\/v2\/pages\/6\/revisions\/535"}],"wp:featuredmedia":[{"embeddable":true,"href":"https:\/\/zwirner.com\/one-man-band\/wp-json\/wp\/v2\/media\/166"}],"wp:attachment":[{"href":"https:\/\/zwirner.com\/one-man-band\/wp-json\/wp\/v2\/media?parent=6"}],"curies":[{"name":"wp","href":"https:\/\/api.w.org\/{rel}","templated":true}]}}