{"id":310,"date":"2018-01-21T06:30:49","date_gmt":"2018-01-21T05:30:49","guid":{"rendered":"http:\/\/zwirner.com\/one-man-band\/?page_id=310"},"modified":"2025-09-01T20:50:46","modified_gmt":"2025-09-01T18:50:46","slug":"gitarrist-fuer-geburtstagsfeier-hochzeitsfeier-event","status":"publish","type":"page","link":"https:\/\/zwirner.com\/one-man-band\/gitarrist-fuer-geburtstagsfeier-hochzeitsfeier-event\/","title":{"rendered":"Live-Musik (rein instrumental) &#8211; Gitarrist mit &#8222;Wohlf\u00fchl-Musik&#8220; f\u00fcr Geburtstagsfeier, Hochzeitsfeier, Sektempfang, Dinner, Aperitif"},"content":{"rendered":"<h2>Rolf Zwirner, Ihre One-Man-Band, Ihr Gitarrist f\u00fcr Geburtstagsfeier, Hochzeitsfeier, Events mit exquisiter Live-Musik<\/h2>\n<p>Sie lieben gute, handgemachte, meisterhaft gespielte Gitarrenmusik? Sie m\u00f6chten auf Ihrer Feier, vielleicht einem &#8222;runden&#8220; Geburtstag, Ihren G\u00e4sten etwas ganz besonderes bieten? Sie denken an einen Live-Musiker mit dem &#8222;richtigen H\u00e4ndchen&#8220;, um Ihr Fest musikalisch zu &#8222;verzaubern&#8220;? Eine mehrk\u00f6pfige Band w\u00e4re in dem Rahmen, in dem Sie planen, \u00fcberdimensioniert und ein S\u00e4nger vielleicht zu dominant? Dann d\u00fcrfte Sie meine Performance sehr ansprechen. Als Gitarrist f\u00fcr <a href=\"http:\/\/zwirner.com\/one-man-band\/geburtstagsfeier-mit-handmade-livemusik\/\">Geburtstagsfeier<\/a>, <a href=\"http:\/\/zwirner.com\/one-man-band\/hochzeitsfeier-mit-live-musik\/\">Hochzeitsfeier,<\/a> Events und jede andere Art von Fest oder Feier bringe ich sehr viel Erfahrung und Gesp\u00fcr f\u00fcr die optimale musikalische Gestaltung eines solchen Festes mit.<\/p>\n<figure id=\"attachment_453\" aria-describedby=\"caption-attachment-453\" style=\"width: 525px\" class=\"wp-caption alignnone\"><img loading=\"lazy\" decoding=\"async\" class=\"wp-image-453 size-large\" src=\"http:\/\/zwirner.com\/one-man-band\/wp-content\/uploads\/2019\/10\/rolf_zwirner_guitar-1024x683.jpg\" alt=\"\" width=\"525\" height=\"350\" srcset=\"https:\/\/zwirner.com\/one-man-band\/wp-content\/uploads\/2019\/10\/rolf_zwirner_guitar-1024x683.jpg 1024w, https:\/\/zwirner.com\/one-man-band\/wp-content\/uploads\/2019\/10\/rolf_zwirner_guitar-300x200.jpg 300w, https:\/\/zwirner.com\/one-man-band\/wp-content\/uploads\/2019\/10\/rolf_zwirner_guitar-768x512.jpg 768w\" sizes=\"auto, (max-width: 525px) 100vw, 525px\" \/><figcaption id=\"caption-attachment-453\" class=\"wp-caption-text\">Faszinierende Guitar-Arrangements aus Rock, Blues, Pop, Lounge, Gypsy Swing, Classical, Folk<\/figcaption><\/figure>\n<p>Sie k\u00f6nnen mich sowohl f\u00fcr den kleinen Rahmen (eher dezent, begleitend) als auch f\u00fcr gr\u00f6\u00dfere &#8222;B\u00fchnen&#8220; buchen. So habe ich schon bei mehreren Feiern gro\u00dfe Hallen (z.B. Kongresshalle (Giessen), Miller-Hall (Giessen) mit meiner Musik gef\u00fcllt. Aber auch das kleine sympathische Wohnzimmerkonzert oder ein kleines Fest im Innenhof eines Weinguts machen mir sehr viel Spa\u00df. J\u00fcr jeden Anlass habe ich das passende Set-Up, vom kleinen bis zum gro\u00dfen &#8222;Besteck&#8220;.\u00a0 Und denken Sie jetzt nicht, dass Gitarrenmusik nur etwas &#8222;Geklimper&#8220; im Hintergrund sein muss.<br \/>\nMeine Palette reicht in der Tat von zarten Gitarrenkl\u00e4ngen bis zur knackigen Rock-Performance. Und nat\u00fcrlich k\u00f6nnen Sie mich als Multi-Instrumentalist auch an Piano\/Keyboard und Geige erleben.<\/p>\n<p>Hier nur ein paar Beispiele f\u00fcr Musikrichtungen (alphabetisch geordnet), die Sie von mir erwarten d\u00fcrfen, nat\u00fcrlich alles meisterhaft und authentisch vorgetragen.<\/p>\n<p>Beispiele:<\/p>\n<ul>\n<li>Blues (z.B. B.B. King, Eric Clapton&#8230;)<\/li>\n<li>Blues-Rock (z.B. Gary Moore, Joe Bonamassa&#8230;)<\/li>\n<li>Bossa Nova (z.B. Carlos Jobim, Dorado Schmitt)<\/li>\n<li>Gypsy-Swing (z.B. Django Reinhardt, Titi Winterstein&#8230;)<\/li>\n<li>Hard Rock (z.B. Deep Purple, Led Zeppelin)<\/li>\n<li>Irish Folk (z.B. Lord of the Dance, Traditionals&#8230;)<\/li>\n<li>Jazz (z.B. Swing-Standards, Easy Listening)<\/li>\n<li>Jazz Manouche (z.B. Tchan Tchou, Stochelo Rosenberg)<\/li>\n<li>Klassik (z.B. Bach, Vivaldi)<\/li>\n<li>Latin (z.B. Zequinha de Abreu &#8222;Tico, tico&#8220;)<\/li>\n<li>Latin-Rock (z.B. Carlos Santana, Pablo Cruise)<\/li>\n<li>Pop (z.B. Dire Straits, Sting)<\/li>\n<li>Valse Musette (z.B. Joe Privat, Tcha Tchou<\/li>\n<\/ul>\n<p>Demo-Video finden Sie auch auf <a href=\"https:\/\/www.youtube.com\/watch?v=AbbbrA0In60\" target=\"_blank\" rel=\"noopener noreferrer\">hier<\/a> auf Youtube.<\/p>\n","protected":false},"excerpt":{"rendered":"<p>Rolf Zwirner, Ihre One-Man-Band, Ihr Gitarrist f\u00fcr Geburtstagsfeier, Hochzeitsfeier, Events mit exquisiter Live-Musik Sie lieben gute, handgemachte, meisterhaft gespielte Gitarrenmusik? Sie m\u00f6chten auf Ihrer Feier, vielleicht einem &#8222;runden&#8220; Geburtstag, Ihren G\u00e4sten etwas ganz besonderes bieten? Sie denken an einen Live-Musiker mit dem &#8222;richtigen H\u00e4ndchen&#8220;, um Ihr Fest musikalisch zu &#8222;verzaubern&#8220;? Eine mehrk\u00f6pfige Band w\u00e4re in &hellip; <\/p>\n<p class=\"link-more\"><a href=\"https:\/\/zwirner.com\/one-man-band\/gitarrist-fuer-geburtstagsfeier-hochzeitsfeier-event\/\" class=\"more-link\"><span class=\"screen-reader-text\">\u201eLive-Musik (rein instrumental) &#8211; Gitarrist mit &#8222;Wohlf\u00fchl-Musik&#8220; f\u00fcr Geburtstagsfeier, Hochzeitsfeier, Sektempfang, Dinner, Aperitif\u201c<\/span> weiterlesen<\/a><\/p>\n","protected":false},"author":1,"featured_media":358,"parent":0,"menu_order":0,"comment_status":"closed","ping_status":"closed","template":"","meta":{"footnotes":""},"class_list":["post-310","page","type-page","status-publish","has-post-thumbnail","hentry"],"yoast_head":"<!-- This site is optimized with the Yoast SEO plugin v25.8 - https:\/\/yoast.com\/wordpress\/plugins\/seo\/ -->\n<title>Live-Musik (rein instrumental) - Gitarrist mit &quot;Wohlf\u00fchl-Musik&quot; f\u00fcr Geburtstagsfeier, Hochzeitsfeier, Sektempfang, Dinner, Aperitif - &quot;Guitars from Heaven&quot;<\/title>\n<meta name=\"robots\" content=\"index, follow, max-snippet:-1, max-image-preview:large, max-video-preview:-1\" \/>\n<link rel=\"canonical\" href=\"https:\/\/zwirner.com\/one-man-band\/gitarrist-fuer-geburtstagsfeier-hochzeitsfeier-event\/\" \/>\n<meta property=\"og:locale\" content=\"de_DE\" \/>\n<meta property=\"og:type\" content=\"article\" \/>\n<meta property=\"og:title\" content=\"Live-Musik (rein instrumental) - Gitarrist mit &quot;Wohlf\u00fchl-Musik&quot; f\u00fcr Geburtstagsfeier, Hochzeitsfeier, Sektempfang, Dinner, Aperitif - &quot;Guitars from Heaven&quot;\" \/>\n<meta property=\"og:description\" content=\"Rolf Zwirner, Ihre One-Man-Band, Ihr Gitarrist f\u00fcr Geburtstagsfeier, Hochzeitsfeier, Events mit exquisiter Live-Musik Sie lieben gute, handgemachte, meisterhaft gespielte Gitarrenmusik? Sie m\u00f6chten auf Ihrer Feier, vielleicht einem &#8222;runden&#8220; Geburtstag, Ihren G\u00e4sten etwas ganz besonderes bieten? Sie denken an einen Live-Musiker mit dem &#8222;richtigen H\u00e4ndchen&#8220;, um Ihr Fest musikalisch zu &#8222;verzaubern&#8220;? Eine mehrk\u00f6pfige Band w\u00e4re in &hellip; \u201eLive-Musik (rein instrumental) &#8211; Gitarrist mit &#8222;Wohlf\u00fchl-Musik&#8220; f\u00fcr Geburtstagsfeier, Hochzeitsfeier, Sektempfang, Dinner, Aperitif\u201c weiterlesen\" \/>\n<meta property=\"og:url\" content=\"https:\/\/zwirner.com\/one-man-band\/gitarrist-fuer-geburtstagsfeier-hochzeitsfeier-event\/\" \/>\n<meta property=\"og:site_name\" content=\"&quot;Guitars from Heaven&quot;\" \/>\n<meta property=\"article:publisher\" content=\"https:\/\/www.facebook.com\/RolfZwirnerAndFriends\/\" \/>\n<meta property=\"article:modified_time\" content=\"2025-09-01T18:50:46+00:00\" \/>\n<meta property=\"og:image\" content=\"https:\/\/zwirner.com\/one-man-band\/wp-content\/uploads\/2019\/02\/inhalt_headerbild_02.jpg\" \/>\n\t<meta property=\"og:image:width\" content=\"2857\" \/>\n\t<meta property=\"og:image:height\" content=\"461\" \/>\n\t<meta property=\"og:image:type\" content=\"image\/jpeg\" \/>\n<meta name=\"twitter:card\" content=\"summary_large_image\" \/>\n<meta name=\"twitter:label1\" content=\"Gesch\u00e4tzte Lesezeit\" \/>\n\t<meta name=\"twitter:data1\" content=\"3\u00a0Minuten\" \/>\n<script type=\"application\/ld+json\" class=\"yoast-schema-graph\">{\"@context\":\"https:\/\/schema.org\",\"@graph\":[{\"@type\":\"WebPage\",\"@id\":\"https:\/\/zwirner.com\/one-man-band\/gitarrist-fuer-geburtstagsfeier-hochzeitsfeier-event\/\",\"url\":\"https:\/\/zwirner.com\/one-man-band\/gitarrist-fuer-geburtstagsfeier-hochzeitsfeier-event\/\",\"name\":\"Live-Musik (rein instrumental) - Gitarrist mit \\\"Wohlf\u00fchl-Musik\\\" f\u00fcr Geburtstagsfeier, Hochzeitsfeier, Sektempfang, Dinner, Aperitif - &quot;Guitars from Heaven&quot;\",\"isPartOf\":{\"@id\":\"https:\/\/zwirner.com\/one-man-band\/#website\"},\"primaryImageOfPage\":{\"@id\":\"https:\/\/zwirner.com\/one-man-band\/gitarrist-fuer-geburtstagsfeier-hochzeitsfeier-event\/#primaryimage\"},\"image\":{\"@id\":\"https:\/\/zwirner.com\/one-man-band\/gitarrist-fuer-geburtstagsfeier-hochzeitsfeier-event\/#primaryimage\"},\"thumbnailUrl\":\"https:\/\/zwirner.com\/one-man-band\/wp-content\/uploads\/2019\/02\/inhalt_headerbild_02.jpg\",\"datePublished\":\"2018-01-21T05:30:49+00:00\",\"dateModified\":\"2025-09-01T18:50:46+00:00\",\"breadcrumb\":{\"@id\":\"https:\/\/zwirner.com\/one-man-band\/gitarrist-fuer-geburtstagsfeier-hochzeitsfeier-event\/#breadcrumb\"},\"inLanguage\":\"de\",\"potentialAction\":[{\"@type\":\"ReadAction\",\"target\":[\"https:\/\/zwirner.com\/one-man-band\/gitarrist-fuer-geburtstagsfeier-hochzeitsfeier-event\/\"]}]},{\"@type\":\"ImageObject\",\"inLanguage\":\"de\",\"@id\":\"https:\/\/zwirner.com\/one-man-band\/gitarrist-fuer-geburtstagsfeier-hochzeitsfeier-event\/#primaryimage\",\"url\":\"https:\/\/zwirner.com\/one-man-band\/wp-content\/uploads\/2019\/02\/inhalt_headerbild_02.jpg\",\"contentUrl\":\"https:\/\/zwirner.com\/one-man-band\/wp-content\/uploads\/2019\/02\/inhalt_headerbild_02.jpg\",\"width\":2857,\"height\":461},{\"@type\":\"BreadcrumbList\",\"@id\":\"https:\/\/zwirner.com\/one-man-band\/gitarrist-fuer-geburtstagsfeier-hochzeitsfeier-event\/#breadcrumb\",\"itemListElement\":[{\"@type\":\"ListItem\",\"position\":1,\"name\":\"Startseite\",\"item\":\"https:\/\/zwirner.com\/one-man-band\/\"},{\"@type\":\"ListItem\",\"position\":2,\"name\":\"Live-Musik (rein instrumental) &#8211; Gitarrist mit &#8222;Wohlf\u00fchl-Musik&#8220; f\u00fcr Geburtstagsfeier, Hochzeitsfeier, Sektempfang, Dinner, Aperitif\"}]},{\"@type\":\"WebSite\",\"@id\":\"https:\/\/zwirner.com\/one-man-band\/#website\",\"url\":\"https:\/\/zwirner.com\/one-man-band\/\",\"name\":\"&quot;Guitars from Heaven&quot;\",\"description\":\"Rolf Zwirner-Solo, Guitar-Instrumentals (optional Violin, Piano)\",\"publisher\":{\"@id\":\"https:\/\/zwirner.com\/one-man-band\/#organization\"},\"potentialAction\":[{\"@type\":\"SearchAction\",\"target\":{\"@type\":\"EntryPoint\",\"urlTemplate\":\"https:\/\/zwirner.com\/one-man-band\/?s={search_term_string}\"},\"query-input\":{\"@type\":\"PropertyValueSpecification\",\"valueRequired\":true,\"valueName\":\"search_term_string\"}}],\"inLanguage\":\"de\"},{\"@type\":\"Organization\",\"@id\":\"https:\/\/zwirner.com\/one-man-band\/#organization\",\"name\":\"Rolf Zwirner, niveauvolle Live-Musik f\u00fcr Ihr Event\",\"url\":\"https:\/\/zwirner.com\/one-man-band\/\",\"logo\":{\"@type\":\"ImageObject\",\"inLanguage\":\"de\",\"@id\":\"https:\/\/zwirner.com\/one-man-band\/#\/schema\/logo\/image\/\",\"url\":\"https:\/\/zwirner.com\/one-man-band\/wp-content\/uploads\/2018\/01\/rolf_solo_01-1.jpg\",\"contentUrl\":\"https:\/\/zwirner.com\/one-man-band\/wp-content\/uploads\/2018\/01\/rolf_solo_01-1.jpg\",\"width\":479,\"height\":615,\"caption\":\"Rolf Zwirner, niveauvolle Live-Musik f\u00fcr Ihr Event\"},\"image\":{\"@id\":\"https:\/\/zwirner.com\/one-man-band\/#\/schema\/logo\/image\/\"},\"sameAs\":[\"https:\/\/www.facebook.com\/RolfZwirnerAndFriends\/\",\"https:\/\/www.youtube.com\/channel\/UC2AW5nN5pnDbxHnVEja22KA\"]}]}<\/script>\n<!-- \/ Yoast SEO plugin. -->","yoast_head_json":{"title":"Live-Musik (rein instrumental) - Gitarrist mit \"Wohlf\u00fchl-Musik\" f\u00fcr Geburtstagsfeier, Hochzeitsfeier, Sektempfang, Dinner, Aperitif - &quot;Guitars from Heaven&quot;","robots":{"index":"index","follow":"follow","max-snippet":"max-snippet:-1","max-image-preview":"max-image-preview:large","max-video-preview":"max-video-preview:-1"},"canonical":"https:\/\/zwirner.com\/one-man-band\/gitarrist-fuer-geburtstagsfeier-hochzeitsfeier-event\/","og_locale":"de_DE","og_type":"article","og_title":"Live-Musik (rein instrumental) - Gitarrist mit \"Wohlf\u00fchl-Musik\" f\u00fcr Geburtstagsfeier, Hochzeitsfeier, Sektempfang, Dinner, Aperitif - &quot;Guitars from Heaven&quot;","og_description":"Rolf Zwirner, Ihre One-Man-Band, Ihr Gitarrist f\u00fcr Geburtstagsfeier, Hochzeitsfeier, Events mit exquisiter Live-Musik Sie lieben gute, handgemachte, meisterhaft gespielte Gitarrenmusik? Sie m\u00f6chten auf Ihrer Feier, vielleicht einem &#8222;runden&#8220; Geburtstag, Ihren G\u00e4sten etwas ganz besonderes bieten? Sie denken an einen Live-Musiker mit dem &#8222;richtigen H\u00e4ndchen&#8220;, um Ihr Fest musikalisch zu &#8222;verzaubern&#8220;? Eine mehrk\u00f6pfige Band w\u00e4re in &hellip; \u201eLive-Musik (rein instrumental) &#8211; Gitarrist mit &#8222;Wohlf\u00fchl-Musik&#8220; f\u00fcr Geburtstagsfeier, Hochzeitsfeier, Sektempfang, Dinner, Aperitif\u201c weiterlesen","og_url":"https:\/\/zwirner.com\/one-man-band\/gitarrist-fuer-geburtstagsfeier-hochzeitsfeier-event\/","og_site_name":"&quot;Guitars from Heaven&quot;","article_publisher":"https:\/\/www.facebook.com\/RolfZwirnerAndFriends\/","article_modified_time":"2025-09-01T18:50:46+00:00","og_image":[{"width":2857,"height":461,"url":"https:\/\/zwirner.com\/one-man-band\/wp-content\/uploads\/2019\/02\/inhalt_headerbild_02.jpg","type":"image\/jpeg"}],"twitter_card":"summary_large_image","twitter_misc":{"Gesch\u00e4tzte Lesezeit":"3\u00a0Minuten"},"schema":{"@context":"https:\/\/schema.org","@graph":[{"@type":"WebPage","@id":"https:\/\/zwirner.com\/one-man-band\/gitarrist-fuer-geburtstagsfeier-hochzeitsfeier-event\/","url":"https:\/\/zwirner.com\/one-man-band\/gitarrist-fuer-geburtstagsfeier-hochzeitsfeier-event\/","name":"Live-Musik (rein instrumental) - Gitarrist mit \"Wohlf\u00fchl-Musik\" f\u00fcr Geburtstagsfeier, Hochzeitsfeier, Sektempfang, Dinner, Aperitif - &quot;Guitars from Heaven&quot;","isPartOf":{"@id":"https:\/\/zwirner.com\/one-man-band\/#website"},"primaryImageOfPage":{"@id":"https:\/\/zwirner.com\/one-man-band\/gitarrist-fuer-geburtstagsfeier-hochzeitsfeier-event\/#primaryimage"},"image":{"@id":"https:\/\/zwirner.com\/one-man-band\/gitarrist-fuer-geburtstagsfeier-hochzeitsfeier-event\/#primaryimage"},"thumbnailUrl":"https:\/\/zwirner.com\/one-man-band\/wp-content\/uploads\/2019\/02\/inhalt_headerbild_02.jpg","datePublished":"2018-01-21T05:30:49+00:00","dateModified":"2025-09-01T18:50:46+00:00","breadcrumb":{"@id":"https:\/\/zwirner.com\/one-man-band\/gitarrist-fuer-geburtstagsfeier-hochzeitsfeier-event\/#breadcrumb"},"inLanguage":"de","potentialAction":[{"@type":"ReadAction","target":["https:\/\/zwirner.com\/one-man-band\/gitarrist-fuer-geburtstagsfeier-hochzeitsfeier-event\/"]}]},{"@type":"ImageObject","inLanguage":"de","@id":"https:\/\/zwirner.com\/one-man-band\/gitarrist-fuer-geburtstagsfeier-hochzeitsfeier-event\/#primaryimage","url":"https:\/\/zwirner.com\/one-man-band\/wp-content\/uploads\/2019\/02\/inhalt_headerbild_02.jpg","contentUrl":"https:\/\/zwirner.com\/one-man-band\/wp-content\/uploads\/2019\/02\/inhalt_headerbild_02.jpg","width":2857,"height":461},{"@type":"BreadcrumbList","@id":"https:\/\/zwirner.com\/one-man-band\/gitarrist-fuer-geburtstagsfeier-hochzeitsfeier-event\/#breadcrumb","itemListElement":[{"@type":"ListItem","position":1,"name":"Startseite","item":"https:\/\/zwirner.com\/one-man-band\/"},{"@type":"ListItem","position":2,"name":"Live-Musik (rein instrumental) &#8211; Gitarrist mit &#8222;Wohlf\u00fchl-Musik&#8220; f\u00fcr Geburtstagsfeier, Hochzeitsfeier, Sektempfang, Dinner, Aperitif"}]},{"@type":"WebSite","@id":"https:\/\/zwirner.com\/one-man-band\/#website","url":"https:\/\/zwirner.com\/one-man-band\/","name":"&quot;Guitars from Heaven&quot;","description":"Rolf Zwirner-Solo, Guitar-Instrumentals (optional Violin, Piano)","publisher":{"@id":"https:\/\/zwirner.com\/one-man-band\/#organization"},"potentialAction":[{"@type":"SearchAction","target":{"@type":"EntryPoint","urlTemplate":"https:\/\/zwirner.com\/one-man-band\/?s={search_term_string}"},"query-input":{"@type":"PropertyValueSpecification","valueRequired":true,"valueName":"search_term_string"}}],"inLanguage":"de"},{"@type":"Organization","@id":"https:\/\/zwirner.com\/one-man-band\/#organization","name":"Rolf Zwirner, niveauvolle Live-Musik f\u00fcr Ihr Event","url":"https:\/\/zwirner.com\/one-man-band\/","logo":{"@type":"ImageObject","inLanguage":"de","@id":"https:\/\/zwirner.com\/one-man-band\/#\/schema\/logo\/image\/","url":"https:\/\/zwirner.com\/one-man-band\/wp-content\/uploads\/2018\/01\/rolf_solo_01-1.jpg","contentUrl":"https:\/\/zwirner.com\/one-man-band\/wp-content\/uploads\/2018\/01\/rolf_solo_01-1.jpg","width":479,"height":615,"caption":"Rolf Zwirner, niveauvolle Live-Musik f\u00fcr Ihr Event"},"image":{"@id":"https:\/\/zwirner.com\/one-man-band\/#\/schema\/logo\/image\/"},"sameAs":["https:\/\/www.facebook.com\/RolfZwirnerAndFriends\/","https:\/\/www.youtube.com\/channel\/UC2AW5nN5pnDbxHnVEja22KA"]}]}},"_links":{"self":[{"href":"https:\/\/zwirner.com\/one-man-band\/wp-json\/wp\/v2\/pages\/310","targetHints":{"allow":["GET"]}}],"collection":[{"href":"https:\/\/zwirner.com\/one-man-band\/wp-json\/wp\/v2\/pages"}],"about":[{"href":"https:\/\/zwirner.com\/one-man-band\/wp-json\/wp\/v2\/types\/page"}],"author":[{"embeddable":true,"href":"https:\/\/zwirner.com\/one-man-band\/wp-json\/wp\/v2\/users\/1"}],"replies":[{"embeddable":true,"href":"https:\/\/zwirner.com\/one-man-band\/wp-json\/wp\/v2\/comments?post=310"}],"version-history":[{"count":28,"href":"https:\/\/zwirner.com\/one-man-band\/wp-json\/wp\/v2\/pages\/310\/revisions"}],"predecessor-version":[{"id":565,"href":"https:\/\/zwirner.com\/one-man-band\/wp-json\/wp\/v2\/pages\/310\/revisions\/565"}],"wp:featuredmedia":[{"embeddable":true,"href":"https:\/\/zwirner.com\/one-man-band\/wp-json\/wp\/v2\/media\/358"}],"wp:attachment":[{"href":"https:\/\/zwirner.com\/one-man-band\/wp-json\/wp\/v2\/media?parent=310"}],"curies":[{"name":"wp","href":"https:\/\/api.w.org\/{rel}","templated":true}]}}