{"id":229,"date":"2018-01-19T17:44:51","date_gmt":"2018-01-19T16:44:51","guid":{"rendered":"http:\/\/zwirner.com\/one-man-band\/?page_id=229"},"modified":"2019-10-16T10:16:44","modified_gmt":"2019-10-16T08:16:44","slug":"gartenparty-sommerfest-mit-livemusik","status":"publish","type":"page","link":"https:\/\/zwirner.com\/one-man-band\/gartenparty-sommerfest-mit-livemusik\/","title":{"rendered":"Gartenparty, Sommerfest mit Livemusik"},"content":{"rendered":"<h2>Gartenparty, Sommerfest mit Livemusik<\/h2>\n<p>Ganz gleich, ob Sie sich f\u00fcr Ihre Party eher eine Musik im Hintergrund w\u00fcnschen, oder aber eine Musik, die die G\u00e4ste mitrei\u00dfen soll, da geht nat\u00fcrlich nichts \u00fcber gute, niveauvolle und handgemachte Live-Musik!<\/p>\n<figure id=\"attachment_453\" aria-describedby=\"caption-attachment-453\" style=\"width: 525px\" class=\"wp-caption alignnone\"><img loading=\"lazy\" decoding=\"async\" class=\"wp-image-453 size-large\" src=\"http:\/\/zwirner.com\/one-man-band\/wp-content\/uploads\/2019\/10\/rolf_zwirner_guitar-1024x683.jpg\" alt=\"\" width=\"525\" height=\"350\" srcset=\"https:\/\/zwirner.com\/one-man-band\/wp-content\/uploads\/2019\/10\/rolf_zwirner_guitar-1024x683.jpg 1024w, https:\/\/zwirner.com\/one-man-band\/wp-content\/uploads\/2019\/10\/rolf_zwirner_guitar-300x200.jpg 300w, https:\/\/zwirner.com\/one-man-band\/wp-content\/uploads\/2019\/10\/rolf_zwirner_guitar-768x512.jpg 768w\" sizes=\"auto, (max-width: 525px) 100vw, 525px\" \/><figcaption id=\"caption-attachment-453\" class=\"wp-caption-text\">Rock, Blues, Pop, Lounge, Gypsy Swing, Classical, Folk<\/figcaption><\/figure>\n","protected":false},"excerpt":{"rendered":"<p>Gartenparty, Sommerfest mit Livemusik Ganz gleich, ob Sie sich f\u00fcr Ihre Party eher eine Musik im Hintergrund w\u00fcnschen, oder aber eine Musik, die die G\u00e4ste mitrei\u00dfen soll, da geht nat\u00fcrlich nichts \u00fcber gute, niveauvolle und handgemachte Live-Musik!<\/p>\n","protected":false},"author":1,"featured_media":422,"parent":0,"menu_order":0,"comment_status":"closed","ping_status":"closed","template":"","meta":{"footnotes":""},"class_list":["post-229","page","type-page","status-publish","has-post-thumbnail","hentry"],"yoast_head":"<!-- This site is optimized with the Yoast SEO plugin v25.8 - https:\/\/yoast.com\/wordpress\/plugins\/seo\/ -->\n<title>Gartenparty, Sommerfest mit Livemusik - &quot;Guitars from Heaven&quot;<\/title>\n<meta name=\"robots\" content=\"index, follow, max-snippet:-1, max-image-preview:large, max-video-preview:-1\" \/>\n<link rel=\"canonical\" href=\"https:\/\/zwirner.com\/one-man-band\/gartenparty-sommerfest-mit-livemusik\/\" \/>\n<meta property=\"og:locale\" content=\"de_DE\" \/>\n<meta property=\"og:type\" content=\"article\" \/>\n<meta property=\"og:title\" content=\"Gartenparty, Sommerfest mit Livemusik - &quot;Guitars from Heaven&quot;\" \/>\n<meta property=\"og:description\" content=\"Gartenparty, Sommerfest mit Livemusik Ganz gleich, ob Sie sich f\u00fcr Ihre Party eher eine Musik im Hintergrund w\u00fcnschen, oder aber eine Musik, die die G\u00e4ste mitrei\u00dfen soll, da geht nat\u00fcrlich nichts \u00fcber gute, niveauvolle und handgemachte Live-Musik!\" \/>\n<meta property=\"og:url\" content=\"https:\/\/zwirner.com\/one-man-band\/gartenparty-sommerfest-mit-livemusik\/\" \/>\n<meta property=\"og:site_name\" content=\"&quot;Guitars from Heaven&quot;\" \/>\n<meta property=\"article:publisher\" content=\"https:\/\/www.facebook.com\/RolfZwirnerAndFriends\/\" \/>\n<meta property=\"article:modified_time\" content=\"2019-10-16T08:16:44+00:00\" \/>\n<meta property=\"og:image\" content=\"https:\/\/zwirner.com\/one-man-band\/wp-content\/uploads\/2019\/02\/inhalt_headerbild_02-1-e1550520315951.jpg\" \/>\n\t<meta property=\"og:image:width\" content=\"1872\" \/>\n\t<meta property=\"og:image:height\" content=\"302\" \/>\n\t<meta property=\"og:image:type\" content=\"image\/jpeg\" \/>\n<meta name=\"twitter:card\" content=\"summary_large_image\" \/>\n<script type=\"application\/ld+json\" class=\"yoast-schema-graph\">{\"@context\":\"https:\/\/schema.org\",\"@graph\":[{\"@type\":\"WebPage\",\"@id\":\"https:\/\/zwirner.com\/one-man-band\/gartenparty-sommerfest-mit-livemusik\/\",\"url\":\"https:\/\/zwirner.com\/one-man-band\/gartenparty-sommerfest-mit-livemusik\/\",\"name\":\"Gartenparty, Sommerfest mit Livemusik - &quot;Guitars from Heaven&quot;\",\"isPartOf\":{\"@id\":\"https:\/\/zwirner.com\/one-man-band\/#website\"},\"primaryImageOfPage\":{\"@id\":\"https:\/\/zwirner.com\/one-man-band\/gartenparty-sommerfest-mit-livemusik\/#primaryimage\"},\"image\":{\"@id\":\"https:\/\/zwirner.com\/one-man-band\/gartenparty-sommerfest-mit-livemusik\/#primaryimage\"},\"thumbnailUrl\":\"https:\/\/zwirner.com\/one-man-band\/wp-content\/uploads\/2019\/02\/inhalt_headerbild_02-1-e1550520315951.jpg\",\"datePublished\":\"2018-01-19T16:44:51+00:00\",\"dateModified\":\"2019-10-16T08:16:44+00:00\",\"breadcrumb\":{\"@id\":\"https:\/\/zwirner.com\/one-man-band\/gartenparty-sommerfest-mit-livemusik\/#breadcrumb\"},\"inLanguage\":\"de\",\"potentialAction\":[{\"@type\":\"ReadAction\",\"target\":[\"https:\/\/zwirner.com\/one-man-band\/gartenparty-sommerfest-mit-livemusik\/\"]}]},{\"@type\":\"ImageObject\",\"inLanguage\":\"de\",\"@id\":\"https:\/\/zwirner.com\/one-man-band\/gartenparty-sommerfest-mit-livemusik\/#primaryimage\",\"url\":\"https:\/\/zwirner.com\/one-man-band\/wp-content\/uploads\/2019\/02\/inhalt_headerbild_02-1-e1550520315951.jpg\",\"contentUrl\":\"https:\/\/zwirner.com\/one-man-band\/wp-content\/uploads\/2019\/02\/inhalt_headerbild_02-1-e1550520315951.jpg\",\"width\":1872,\"height\":302},{\"@type\":\"BreadcrumbList\",\"@id\":\"https:\/\/zwirner.com\/one-man-band\/gartenparty-sommerfest-mit-livemusik\/#breadcrumb\",\"itemListElement\":[{\"@type\":\"ListItem\",\"position\":1,\"name\":\"Startseite\",\"item\":\"https:\/\/zwirner.com\/one-man-band\/\"},{\"@type\":\"ListItem\",\"position\":2,\"name\":\"Gartenparty, Sommerfest mit Livemusik\"}]},{\"@type\":\"WebSite\",\"@id\":\"https:\/\/zwirner.com\/one-man-band\/#website\",\"url\":\"https:\/\/zwirner.com\/one-man-band\/\",\"name\":\"&quot;Guitars from Heaven&quot;\",\"description\":\"Rolf Zwirner-Solo, Guitar-Instrumentals (optional Violin, Piano)\",\"publisher\":{\"@id\":\"https:\/\/zwirner.com\/one-man-band\/#organization\"},\"potentialAction\":[{\"@type\":\"SearchAction\",\"target\":{\"@type\":\"EntryPoint\",\"urlTemplate\":\"https:\/\/zwirner.com\/one-man-band\/?s={search_term_string}\"},\"query-input\":{\"@type\":\"PropertyValueSpecification\",\"valueRequired\":true,\"valueName\":\"search_term_string\"}}],\"inLanguage\":\"de\"},{\"@type\":\"Organization\",\"@id\":\"https:\/\/zwirner.com\/one-man-band\/#organization\",\"name\":\"Rolf Zwirner, niveauvolle Live-Musik f\u00fcr Ihr Event\",\"url\":\"https:\/\/zwirner.com\/one-man-band\/\",\"logo\":{\"@type\":\"ImageObject\",\"inLanguage\":\"de\",\"@id\":\"https:\/\/zwirner.com\/one-man-band\/#\/schema\/logo\/image\/\",\"url\":\"https:\/\/zwirner.com\/one-man-band\/wp-content\/uploads\/2018\/01\/rolf_solo_01-1.jpg\",\"contentUrl\":\"https:\/\/zwirner.com\/one-man-band\/wp-content\/uploads\/2018\/01\/rolf_solo_01-1.jpg\",\"width\":479,\"height\":615,\"caption\":\"Rolf Zwirner, niveauvolle Live-Musik f\u00fcr Ihr Event\"},\"image\":{\"@id\":\"https:\/\/zwirner.com\/one-man-band\/#\/schema\/logo\/image\/\"},\"sameAs\":[\"https:\/\/www.facebook.com\/RolfZwirnerAndFriends\/\",\"https:\/\/www.youtube.com\/channel\/UC2AW5nN5pnDbxHnVEja22KA\"]}]}<\/script>\n<!-- \/ Yoast SEO plugin. -->","yoast_head_json":{"title":"Gartenparty, Sommerfest mit Livemusik - &quot;Guitars from Heaven&quot;","robots":{"index":"index","follow":"follow","max-snippet":"max-snippet:-1","max-image-preview":"max-image-preview:large","max-video-preview":"max-video-preview:-1"},"canonical":"https:\/\/zwirner.com\/one-man-band\/gartenparty-sommerfest-mit-livemusik\/","og_locale":"de_DE","og_type":"article","og_title":"Gartenparty, Sommerfest mit Livemusik - &quot;Guitars from Heaven&quot;","og_description":"Gartenparty, Sommerfest mit Livemusik Ganz gleich, ob Sie sich f\u00fcr Ihre Party eher eine Musik im Hintergrund w\u00fcnschen, oder aber eine Musik, die die G\u00e4ste mitrei\u00dfen soll, da geht nat\u00fcrlich nichts \u00fcber gute, niveauvolle und handgemachte Live-Musik!","og_url":"https:\/\/zwirner.com\/one-man-band\/gartenparty-sommerfest-mit-livemusik\/","og_site_name":"&quot;Guitars from Heaven&quot;","article_publisher":"https:\/\/www.facebook.com\/RolfZwirnerAndFriends\/","article_modified_time":"2019-10-16T08:16:44+00:00","og_image":[{"width":1872,"height":302,"url":"https:\/\/zwirner.com\/one-man-band\/wp-content\/uploads\/2019\/02\/inhalt_headerbild_02-1-e1550520315951.jpg","type":"image\/jpeg"}],"twitter_card":"summary_large_image","schema":{"@context":"https:\/\/schema.org","@graph":[{"@type":"WebPage","@id":"https:\/\/zwirner.com\/one-man-band\/gartenparty-sommerfest-mit-livemusik\/","url":"https:\/\/zwirner.com\/one-man-band\/gartenparty-sommerfest-mit-livemusik\/","name":"Gartenparty, Sommerfest mit Livemusik - &quot;Guitars from Heaven&quot;","isPartOf":{"@id":"https:\/\/zwirner.com\/one-man-band\/#website"},"primaryImageOfPage":{"@id":"https:\/\/zwirner.com\/one-man-band\/gartenparty-sommerfest-mit-livemusik\/#primaryimage"},"image":{"@id":"https:\/\/zwirner.com\/one-man-band\/gartenparty-sommerfest-mit-livemusik\/#primaryimage"},"thumbnailUrl":"https:\/\/zwirner.com\/one-man-band\/wp-content\/uploads\/2019\/02\/inhalt_headerbild_02-1-e1550520315951.jpg","datePublished":"2018-01-19T16:44:51+00:00","dateModified":"2019-10-16T08:16:44+00:00","breadcrumb":{"@id":"https:\/\/zwirner.com\/one-man-band\/gartenparty-sommerfest-mit-livemusik\/#breadcrumb"},"inLanguage":"de","potentialAction":[{"@type":"ReadAction","target":["https:\/\/zwirner.com\/one-man-band\/gartenparty-sommerfest-mit-livemusik\/"]}]},{"@type":"ImageObject","inLanguage":"de","@id":"https:\/\/zwirner.com\/one-man-band\/gartenparty-sommerfest-mit-livemusik\/#primaryimage","url":"https:\/\/zwirner.com\/one-man-band\/wp-content\/uploads\/2019\/02\/inhalt_headerbild_02-1-e1550520315951.jpg","contentUrl":"https:\/\/zwirner.com\/one-man-band\/wp-content\/uploads\/2019\/02\/inhalt_headerbild_02-1-e1550520315951.jpg","width":1872,"height":302},{"@type":"BreadcrumbList","@id":"https:\/\/zwirner.com\/one-man-band\/gartenparty-sommerfest-mit-livemusik\/#breadcrumb","itemListElement":[{"@type":"ListItem","position":1,"name":"Startseite","item":"https:\/\/zwirner.com\/one-man-band\/"},{"@type":"ListItem","position":2,"name":"Gartenparty, Sommerfest mit Livemusik"}]},{"@type":"WebSite","@id":"https:\/\/zwirner.com\/one-man-band\/#website","url":"https:\/\/zwirner.com\/one-man-band\/","name":"&quot;Guitars from Heaven&quot;","description":"Rolf Zwirner-Solo, Guitar-Instrumentals (optional Violin, Piano)","publisher":{"@id":"https:\/\/zwirner.com\/one-man-band\/#organization"},"potentialAction":[{"@type":"SearchAction","target":{"@type":"EntryPoint","urlTemplate":"https:\/\/zwirner.com\/one-man-band\/?s={search_term_string}"},"query-input":{"@type":"PropertyValueSpecification","valueRequired":true,"valueName":"search_term_string"}}],"inLanguage":"de"},{"@type":"Organization","@id":"https:\/\/zwirner.com\/one-man-band\/#organization","name":"Rolf Zwirner, niveauvolle Live-Musik f\u00fcr Ihr Event","url":"https:\/\/zwirner.com\/one-man-band\/","logo":{"@type":"ImageObject","inLanguage":"de","@id":"https:\/\/zwirner.com\/one-man-band\/#\/schema\/logo\/image\/","url":"https:\/\/zwirner.com\/one-man-band\/wp-content\/uploads\/2018\/01\/rolf_solo_01-1.jpg","contentUrl":"https:\/\/zwirner.com\/one-man-band\/wp-content\/uploads\/2018\/01\/rolf_solo_01-1.jpg","width":479,"height":615,"caption":"Rolf Zwirner, niveauvolle Live-Musik f\u00fcr Ihr Event"},"image":{"@id":"https:\/\/zwirner.com\/one-man-band\/#\/schema\/logo\/image\/"},"sameAs":["https:\/\/www.facebook.com\/RolfZwirnerAndFriends\/","https:\/\/www.youtube.com\/channel\/UC2AW5nN5pnDbxHnVEja22KA"]}]}},"_links":{"self":[{"href":"https:\/\/zwirner.com\/one-man-band\/wp-json\/wp\/v2\/pages\/229","targetHints":{"allow":["GET"]}}],"collection":[{"href":"https:\/\/zwirner.com\/one-man-band\/wp-json\/wp\/v2\/pages"}],"about":[{"href":"https:\/\/zwirner.com\/one-man-band\/wp-json\/wp\/v2\/types\/page"}],"author":[{"embeddable":true,"href":"https:\/\/zwirner.com\/one-man-band\/wp-json\/wp\/v2\/users\/1"}],"replies":[{"embeddable":true,"href":"https:\/\/zwirner.com\/one-man-band\/wp-json\/wp\/v2\/comments?post=229"}],"version-history":[{"count":6,"href":"https:\/\/zwirner.com\/one-man-band\/wp-json\/wp\/v2\/pages\/229\/revisions"}],"predecessor-version":[{"id":458,"href":"https:\/\/zwirner.com\/one-man-band\/wp-json\/wp\/v2\/pages\/229\/revisions\/458"}],"wp:featuredmedia":[{"embeddable":true,"href":"https:\/\/zwirner.com\/one-man-band\/wp-json\/wp\/v2\/media\/422"}],"wp:attachment":[{"href":"https:\/\/zwirner.com\/one-man-band\/wp-json\/wp\/v2\/media?parent=229"}],"curies":[{"name":"wp","href":"https:\/\/api.w.org\/{rel}","templated":true}]}}