{"id":222,"date":"2018-01-19T14:48:10","date_gmt":"2018-01-19T13:48:10","guid":{"rendered":"http:\/\/zwirner.com\/one-man-band\/?page_id=222"},"modified":"2019-02-18T21:07:17","modified_gmt":"2019-02-18T20:07:17","slug":"hochzeitsfeier-mit-live-musik","status":"publish","type":"page","link":"https:\/\/zwirner.com\/one-man-band\/hochzeitsfeier-mit-live-musik\/","title":{"rendered":"Hochzeitsfeier mit Live-Musik"},"content":{"rendered":"<h2>Hier einige Tipps zur musikalische Gestaltung Ihrer Hochzeitsfeier\u00a0 mit Live-Musik.<\/h2>\n<p>Die Musik sollte vielseitig sein, weil der Verlauf einer Feier vom Anfang bis zum Ende sehr unterschiedlich ist. Daher sollten die Musiker bei einer Hochzeitsfeier mit Live-Musik sehr anpassungsf\u00e4hig sein:<\/p>\n<ul>\n<li>in der Stilistik<\/li>\n<li>in der Lautst\u00e4rke<\/li>\n<li>in der Wirkung auf unterschiedliche Altersgruppen der G\u00e4ste<\/li>\n<li>in der Mobilit\u00e4t (z.B. Walking-Acts wie Unplugged-Einlagen an verschiedenen Orten, eventuell auch im Freien.<\/li>\n<li>in der Dauer der Auff\u00fchrung\u00a0 (auf Wunsch optionale Verl\u00e4ngerung der Spielzeit)<\/li>\n<li>in Bezug auf den Er\u00f6ffnungstanz (sollte vorher gemeinsam besprochen werden)<\/li>\n<li>in Bezug auf Einlagen, Spiele, Vortr\u00e4ge der G\u00e4ste<\/li>\n<\/ul>\n<p>Eine Hochzeit ist ein besonderer Anlass, von dem Sie sicherlich erwarten, dass er zu einem unvergesslichen Erlebnis wird.<\/p>\n<p><img loading=\"lazy\" decoding=\"async\" class=\"alignleft wp-image-287 size-full\" src=\"http:\/\/zwirner.com\/one-man-band\/wp-content\/uploads\/2018\/01\/saal_01-e1516463525920.jpg\" alt=\"Hochzeitsfeier mit Live-Musik\" width=\"2592\" height=\"1936\" srcset=\"https:\/\/zwirner.com\/one-man-band\/wp-content\/uploads\/2018\/01\/saal_01-e1516463525920.jpg 2592w, https:\/\/zwirner.com\/one-man-band\/wp-content\/uploads\/2018\/01\/saal_01-e1516463525920-300x224.jpg 300w, https:\/\/zwirner.com\/one-man-band\/wp-content\/uploads\/2018\/01\/saal_01-e1516463525920-768x574.jpg 768w, https:\/\/zwirner.com\/one-man-band\/wp-content\/uploads\/2018\/01\/saal_01-e1516463525920-1024x765.jpg 1024w\" sizes=\"auto, (max-width: 767px) 89vw, (max-width: 1000px) 54vw, (max-width: 1071px) 543px, 580px\" \/><\/p>\n<p>Eine Hochzeitsfeier mit Live-Musik hat immer ein ganz besonderes Flair , das\u00a0 nach unserer Erfahrung nie mit Musik aus der &#8222;Konserve&#8220; erreicht werden kann.<br \/>\nAm sp\u00e4teren Abend bei Party und Tanz &#8222;pushen&#8220; sich G\u00e4ste und Musiker gegenseitig hoch, Spielfreude und Spontanit\u00e4t bestimmen das Geschehen.<br \/>\nAber selbst am Anfang Ihrer Feier, z.B. w\u00e4hrend des Essens, schafft dezent gespielte Begleitmusik eine sehr angenehme Atmosph\u00e4re. Die G\u00e4ste k\u00f6nnen sich noch ungest\u00f6rt unterhalten und genie\u00dfen dennoch die qualitativ hochwertige Musik, so dass sich die Begeisterung selbst bei leiser Untermalung oft durch Applaus kundtut.<br \/>\nZum Sektempfang eignet sich &#8222;mobile&#8220; Unplugged-Musik als &#8222;Warming-Up&#8220; ganz hervorragend f\u00fcr eine gel\u00f6ste Stimmung.<\/p>\n","protected":false},"excerpt":{"rendered":"<p>Hier einige Tipps zur musikalische Gestaltung Ihrer Hochzeitsfeier\u00a0 mit Live-Musik. Die Musik sollte vielseitig sein, weil der Verlauf einer Feier vom Anfang bis zum Ende sehr unterschiedlich ist. Daher sollten die Musiker bei einer Hochzeitsfeier mit Live-Musik sehr anpassungsf\u00e4hig sein: in der Stilistik in der Lautst\u00e4rke in der Wirkung auf unterschiedliche Altersgruppen der G\u00e4ste in &hellip; <\/p>\n<p class=\"link-more\"><a href=\"https:\/\/zwirner.com\/one-man-band\/hochzeitsfeier-mit-live-musik\/\" class=\"more-link\"><span class=\"screen-reader-text\">\u201eHochzeitsfeier mit Live-Musik\u201c<\/span> weiterlesen<\/a><\/p>\n","protected":false},"author":1,"featured_media":422,"parent":0,"menu_order":0,"comment_status":"closed","ping_status":"closed","template":"","meta":{"footnotes":""},"class_list":["post-222","page","type-page","status-publish","has-post-thumbnail","hentry"],"yoast_head":"<!-- This site is optimized with the Yoast SEO plugin v25.8 - https:\/\/yoast.com\/wordpress\/plugins\/seo\/ -->\n<title>Hochzeitsfeier mit Live-Musik - &quot;Guitars from Heaven&quot;<\/title>\n<meta name=\"robots\" content=\"index, follow, max-snippet:-1, max-image-preview:large, max-video-preview:-1\" \/>\n<link rel=\"canonical\" href=\"https:\/\/zwirner.com\/one-man-band\/hochzeitsfeier-mit-live-musik\/\" \/>\n<meta property=\"og:locale\" content=\"de_DE\" \/>\n<meta property=\"og:type\" content=\"article\" \/>\n<meta property=\"og:title\" content=\"Hochzeitsfeier mit Live-Musik - &quot;Guitars from Heaven&quot;\" \/>\n<meta property=\"og:description\" content=\"Hier einige Tipps zur musikalische Gestaltung Ihrer Hochzeitsfeier\u00a0 mit Live-Musik. Die Musik sollte vielseitig sein, weil der Verlauf einer Feier vom Anfang bis zum Ende sehr unterschiedlich ist. Daher sollten die Musiker bei einer Hochzeitsfeier mit Live-Musik sehr anpassungsf\u00e4hig sein: in der Stilistik in der Lautst\u00e4rke in der Wirkung auf unterschiedliche Altersgruppen der G\u00e4ste in &hellip; \u201eHochzeitsfeier mit Live-Musik\u201c weiterlesen\" \/>\n<meta property=\"og:url\" content=\"https:\/\/zwirner.com\/one-man-band\/hochzeitsfeier-mit-live-musik\/\" \/>\n<meta property=\"og:site_name\" content=\"&quot;Guitars from Heaven&quot;\" \/>\n<meta property=\"article:publisher\" content=\"https:\/\/www.facebook.com\/RolfZwirnerAndFriends\/\" \/>\n<meta property=\"article:modified_time\" content=\"2019-02-18T20:07:17+00:00\" \/>\n<meta property=\"og:image\" content=\"https:\/\/zwirner.com\/one-man-band\/wp-content\/uploads\/2019\/02\/inhalt_headerbild_02-1-e1550520315951.jpg\" \/>\n\t<meta property=\"og:image:width\" content=\"1872\" \/>\n\t<meta property=\"og:image:height\" content=\"302\" \/>\n\t<meta property=\"og:image:type\" content=\"image\/jpeg\" \/>\n<meta name=\"twitter:card\" content=\"summary_large_image\" \/>\n<meta name=\"twitter:label1\" content=\"Gesch\u00e4tzte Lesezeit\" \/>\n\t<meta name=\"twitter:data1\" content=\"1\u00a0Minute\" \/>\n<script type=\"application\/ld+json\" class=\"yoast-schema-graph\">{\"@context\":\"https:\/\/schema.org\",\"@graph\":[{\"@type\":\"WebPage\",\"@id\":\"https:\/\/zwirner.com\/one-man-band\/hochzeitsfeier-mit-live-musik\/\",\"url\":\"https:\/\/zwirner.com\/one-man-band\/hochzeitsfeier-mit-live-musik\/\",\"name\":\"Hochzeitsfeier mit Live-Musik - &quot;Guitars from Heaven&quot;\",\"isPartOf\":{\"@id\":\"https:\/\/zwirner.com\/one-man-band\/#website\"},\"primaryImageOfPage\":{\"@id\":\"https:\/\/zwirner.com\/one-man-band\/hochzeitsfeier-mit-live-musik\/#primaryimage\"},\"image\":{\"@id\":\"https:\/\/zwirner.com\/one-man-band\/hochzeitsfeier-mit-live-musik\/#primaryimage\"},\"thumbnailUrl\":\"https:\/\/zwirner.com\/one-man-band\/wp-content\/uploads\/2019\/02\/inhalt_headerbild_02-1-e1550520315951.jpg\",\"datePublished\":\"2018-01-19T13:48:10+00:00\",\"dateModified\":\"2019-02-18T20:07:17+00:00\",\"breadcrumb\":{\"@id\":\"https:\/\/zwirner.com\/one-man-band\/hochzeitsfeier-mit-live-musik\/#breadcrumb\"},\"inLanguage\":\"de\",\"potentialAction\":[{\"@type\":\"ReadAction\",\"target\":[\"https:\/\/zwirner.com\/one-man-band\/hochzeitsfeier-mit-live-musik\/\"]}]},{\"@type\":\"ImageObject\",\"inLanguage\":\"de\",\"@id\":\"https:\/\/zwirner.com\/one-man-band\/hochzeitsfeier-mit-live-musik\/#primaryimage\",\"url\":\"https:\/\/zwirner.com\/one-man-band\/wp-content\/uploads\/2019\/02\/inhalt_headerbild_02-1-e1550520315951.jpg\",\"contentUrl\":\"https:\/\/zwirner.com\/one-man-band\/wp-content\/uploads\/2019\/02\/inhalt_headerbild_02-1-e1550520315951.jpg\",\"width\":1872,\"height\":302},{\"@type\":\"BreadcrumbList\",\"@id\":\"https:\/\/zwirner.com\/one-man-band\/hochzeitsfeier-mit-live-musik\/#breadcrumb\",\"itemListElement\":[{\"@type\":\"ListItem\",\"position\":1,\"name\":\"Startseite\",\"item\":\"https:\/\/zwirner.com\/one-man-band\/\"},{\"@type\":\"ListItem\",\"position\":2,\"name\":\"Hochzeitsfeier mit Live-Musik\"}]},{\"@type\":\"WebSite\",\"@id\":\"https:\/\/zwirner.com\/one-man-band\/#website\",\"url\":\"https:\/\/zwirner.com\/one-man-band\/\",\"name\":\"&quot;Guitars from Heaven&quot;\",\"description\":\"Rolf Zwirner-Solo, Guitar-Instrumentals (optional Violin, Piano)\",\"publisher\":{\"@id\":\"https:\/\/zwirner.com\/one-man-band\/#organization\"},\"potentialAction\":[{\"@type\":\"SearchAction\",\"target\":{\"@type\":\"EntryPoint\",\"urlTemplate\":\"https:\/\/zwirner.com\/one-man-band\/?s={search_term_string}\"},\"query-input\":{\"@type\":\"PropertyValueSpecification\",\"valueRequired\":true,\"valueName\":\"search_term_string\"}}],\"inLanguage\":\"de\"},{\"@type\":\"Organization\",\"@id\":\"https:\/\/zwirner.com\/one-man-band\/#organization\",\"name\":\"Rolf Zwirner, niveauvolle Live-Musik f\u00fcr Ihr Event\",\"url\":\"https:\/\/zwirner.com\/one-man-band\/\",\"logo\":{\"@type\":\"ImageObject\",\"inLanguage\":\"de\",\"@id\":\"https:\/\/zwirner.com\/one-man-band\/#\/schema\/logo\/image\/\",\"url\":\"https:\/\/zwirner.com\/one-man-band\/wp-content\/uploads\/2018\/01\/rolf_solo_01-1.jpg\",\"contentUrl\":\"https:\/\/zwirner.com\/one-man-band\/wp-content\/uploads\/2018\/01\/rolf_solo_01-1.jpg\",\"width\":479,\"height\":615,\"caption\":\"Rolf Zwirner, niveauvolle Live-Musik f\u00fcr Ihr Event\"},\"image\":{\"@id\":\"https:\/\/zwirner.com\/one-man-band\/#\/schema\/logo\/image\/\"},\"sameAs\":[\"https:\/\/www.facebook.com\/RolfZwirnerAndFriends\/\",\"https:\/\/www.youtube.com\/channel\/UC2AW5nN5pnDbxHnVEja22KA\"]}]}<\/script>\n<!-- \/ Yoast SEO plugin. -->","yoast_head_json":{"title":"Hochzeitsfeier mit Live-Musik - &quot;Guitars from Heaven&quot;","robots":{"index":"index","follow":"follow","max-snippet":"max-snippet:-1","max-image-preview":"max-image-preview:large","max-video-preview":"max-video-preview:-1"},"canonical":"https:\/\/zwirner.com\/one-man-band\/hochzeitsfeier-mit-live-musik\/","og_locale":"de_DE","og_type":"article","og_title":"Hochzeitsfeier mit Live-Musik - &quot;Guitars from Heaven&quot;","og_description":"Hier einige Tipps zur musikalische Gestaltung Ihrer Hochzeitsfeier\u00a0 mit Live-Musik. Die Musik sollte vielseitig sein, weil der Verlauf einer Feier vom Anfang bis zum Ende sehr unterschiedlich ist. Daher sollten die Musiker bei einer Hochzeitsfeier mit Live-Musik sehr anpassungsf\u00e4hig sein: in der Stilistik in der Lautst\u00e4rke in der Wirkung auf unterschiedliche Altersgruppen der G\u00e4ste in &hellip; \u201eHochzeitsfeier mit Live-Musik\u201c weiterlesen","og_url":"https:\/\/zwirner.com\/one-man-band\/hochzeitsfeier-mit-live-musik\/","og_site_name":"&quot;Guitars from Heaven&quot;","article_publisher":"https:\/\/www.facebook.com\/RolfZwirnerAndFriends\/","article_modified_time":"2019-02-18T20:07:17+00:00","og_image":[{"width":1872,"height":302,"url":"https:\/\/zwirner.com\/one-man-band\/wp-content\/uploads\/2019\/02\/inhalt_headerbild_02-1-e1550520315951.jpg","type":"image\/jpeg"}],"twitter_card":"summary_large_image","twitter_misc":{"Gesch\u00e4tzte Lesezeit":"1\u00a0Minute"},"schema":{"@context":"https:\/\/schema.org","@graph":[{"@type":"WebPage","@id":"https:\/\/zwirner.com\/one-man-band\/hochzeitsfeier-mit-live-musik\/","url":"https:\/\/zwirner.com\/one-man-band\/hochzeitsfeier-mit-live-musik\/","name":"Hochzeitsfeier mit Live-Musik - &quot;Guitars from Heaven&quot;","isPartOf":{"@id":"https:\/\/zwirner.com\/one-man-band\/#website"},"primaryImageOfPage":{"@id":"https:\/\/zwirner.com\/one-man-band\/hochzeitsfeier-mit-live-musik\/#primaryimage"},"image":{"@id":"https:\/\/zwirner.com\/one-man-band\/hochzeitsfeier-mit-live-musik\/#primaryimage"},"thumbnailUrl":"https:\/\/zwirner.com\/one-man-band\/wp-content\/uploads\/2019\/02\/inhalt_headerbild_02-1-e1550520315951.jpg","datePublished":"2018-01-19T13:48:10+00:00","dateModified":"2019-02-18T20:07:17+00:00","breadcrumb":{"@id":"https:\/\/zwirner.com\/one-man-band\/hochzeitsfeier-mit-live-musik\/#breadcrumb"},"inLanguage":"de","potentialAction":[{"@type":"ReadAction","target":["https:\/\/zwirner.com\/one-man-band\/hochzeitsfeier-mit-live-musik\/"]}]},{"@type":"ImageObject","inLanguage":"de","@id":"https:\/\/zwirner.com\/one-man-band\/hochzeitsfeier-mit-live-musik\/#primaryimage","url":"https:\/\/zwirner.com\/one-man-band\/wp-content\/uploads\/2019\/02\/inhalt_headerbild_02-1-e1550520315951.jpg","contentUrl":"https:\/\/zwirner.com\/one-man-band\/wp-content\/uploads\/2019\/02\/inhalt_headerbild_02-1-e1550520315951.jpg","width":1872,"height":302},{"@type":"BreadcrumbList","@id":"https:\/\/zwirner.com\/one-man-band\/hochzeitsfeier-mit-live-musik\/#breadcrumb","itemListElement":[{"@type":"ListItem","position":1,"name":"Startseite","item":"https:\/\/zwirner.com\/one-man-band\/"},{"@type":"ListItem","position":2,"name":"Hochzeitsfeier mit Live-Musik"}]},{"@type":"WebSite","@id":"https:\/\/zwirner.com\/one-man-band\/#website","url":"https:\/\/zwirner.com\/one-man-band\/","name":"&quot;Guitars from Heaven&quot;","description":"Rolf Zwirner-Solo, Guitar-Instrumentals (optional Violin, Piano)","publisher":{"@id":"https:\/\/zwirner.com\/one-man-band\/#organization"},"potentialAction":[{"@type":"SearchAction","target":{"@type":"EntryPoint","urlTemplate":"https:\/\/zwirner.com\/one-man-band\/?s={search_term_string}"},"query-input":{"@type":"PropertyValueSpecification","valueRequired":true,"valueName":"search_term_string"}}],"inLanguage":"de"},{"@type":"Organization","@id":"https:\/\/zwirner.com\/one-man-band\/#organization","name":"Rolf Zwirner, niveauvolle Live-Musik f\u00fcr Ihr Event","url":"https:\/\/zwirner.com\/one-man-band\/","logo":{"@type":"ImageObject","inLanguage":"de","@id":"https:\/\/zwirner.com\/one-man-band\/#\/schema\/logo\/image\/","url":"https:\/\/zwirner.com\/one-man-band\/wp-content\/uploads\/2018\/01\/rolf_solo_01-1.jpg","contentUrl":"https:\/\/zwirner.com\/one-man-band\/wp-content\/uploads\/2018\/01\/rolf_solo_01-1.jpg","width":479,"height":615,"caption":"Rolf Zwirner, niveauvolle Live-Musik f\u00fcr Ihr Event"},"image":{"@id":"https:\/\/zwirner.com\/one-man-band\/#\/schema\/logo\/image\/"},"sameAs":["https:\/\/www.facebook.com\/RolfZwirnerAndFriends\/","https:\/\/www.youtube.com\/channel\/UC2AW5nN5pnDbxHnVEja22KA"]}]}},"_links":{"self":[{"href":"https:\/\/zwirner.com\/one-man-band\/wp-json\/wp\/v2\/pages\/222","targetHints":{"allow":["GET"]}}],"collection":[{"href":"https:\/\/zwirner.com\/one-man-band\/wp-json\/wp\/v2\/pages"}],"about":[{"href":"https:\/\/zwirner.com\/one-man-band\/wp-json\/wp\/v2\/types\/page"}],"author":[{"embeddable":true,"href":"https:\/\/zwirner.com\/one-man-band\/wp-json\/wp\/v2\/users\/1"}],"replies":[{"embeddable":true,"href":"https:\/\/zwirner.com\/one-man-band\/wp-json\/wp\/v2\/comments?post=222"}],"version-history":[{"count":15,"href":"https:\/\/zwirner.com\/one-man-band\/wp-json\/wp\/v2\/pages\/222\/revisions"}],"predecessor-version":[{"id":424,"href":"https:\/\/zwirner.com\/one-man-band\/wp-json\/wp\/v2\/pages\/222\/revisions\/424"}],"wp:featuredmedia":[{"embeddable":true,"href":"https:\/\/zwirner.com\/one-man-band\/wp-json\/wp\/v2\/media\/422"}],"wp:attachment":[{"href":"https:\/\/zwirner.com\/one-man-band\/wp-json\/wp\/v2\/media?parent=222"}],"curies":[{"name":"wp","href":"https:\/\/api.w.org\/{rel}","templated":true}]}}