{"id":2,"date":"2018-01-16T20:51:45","date_gmt":"2018-01-16T19:51:45","guid":{"rendered":"http:\/\/zwirner.com\/one-man-band\/?page_id=2"},"modified":"2025-12-11T12:54:36","modified_gmt":"2025-12-11T11:54:36","slug":"beispiel-seite","status":"publish","type":"page","link":"https:\/\/zwirner.com\/one-man-band\/","title":{"rendered":"&#8222;Guitars from Heaven&#8220; Instrumental-Performance f\u00fcr Konzerte, private Events, Sektempfang, Aperitif, Dinner, Party"},"content":{"rendered":"<h2 class=\"text_headline\" align=\"left\">Rock, Pop, Jazz, Gypsy Swing, Klassik, Folk &amp; more<br \/>\n&#8222;Guitars from Heaven&#8220; Instrumental-Performance f\u00fcr private Events und Kulturveranstaltungen, Geburtstag, Hochzeit, Empfang, Fest &amp; Feier, meisterhaft und authentisch dargeboten, auch zu 100% mobil und &#8222;unplugged&#8220; m\u00f6glich.<\/h2>\n<p>Ich biete Ihnen ein abendf\u00fcllendes, exquisites Programm an Livemusik f\u00fcr <a href=\"http:\/\/zwirner.com\/one-man-band\/geburtstagsfeier-mit-handmade-livemusik\/\">Geburtstag<\/a>, <a href=\"http:\/\/zwirner.com\/one-man-band\/hochzeitsfeier-mit-live-musik\/\">Hochzeit<\/a>, Empfang, Fest &amp; Feier, Dinner, Lounge, Tanz, Party, Konzert,\u00a0Event.<\/p>\n<p>Erleben Sie handgemachte Instrumental-Musik mit Gitarre, Geige und\u00a0Looper (Piano, optional), geschmackvoll, authentisch, virtuos und spielfreudig. Meine riesige stilistische Bandbreite bietet alles, um eine Feier perfekt zu gestalten, von dezenter musikalischer Umrahmung bis zur lockeren &#8222;rockigen&#8220; Party.<\/p>\n<p><strong>Sound-Demos<\/strong><br \/>\nDie Demos enthalten eine kleine Auswahl an Titeln,<br \/>\ndie meine gro\u00dfe stilistische Bandbreite repr\u00e4sentieren &#8211; von dezent bis rockig, von Bach bis Bon Jovi, von Vivaldi bis Santana, von Gypsy-Swing bis Elton John, von Joe Cocker bis Dire Straits, und unglaublich vieles mehr.<br \/>\nMehr zu sehen und zu h\u00f6ren gibt es auch auf meinem <a href=\"https:\/\/www.youtube.com\/channel\/UC2AW5nN5pnDbxHnVEja22KA\/videos\" target=\"_blank\" rel=\"noopener noreferrer\">YOUTUBE-KANAL<\/a>.<br \/>\nKennen Sie schon meine Band-Website,\u00a0<a href=\"https:\/\/zwirner.com\/livemusik\/hochzeit-geburtstag-fest\/front_content.php?idart=66\" target=\"_blank\" rel=\"noopener noreferrer\"> &#8222;Rolf Zwirner &amp; Friends&#8220;<\/a>?<\/p>\n<p>Ich w\u00fcnsche Ihnen ein sch\u00f6nes Fest mit &#8222;zauberhafter&#8220; Gitarrenmusik zum Entspannen, Zuh\u00f6ren und Feiern. <\/p>\n<p><iframe loading=\"lazy\" src=\"https:\/\/www.youtube.com\/embed\/rNNyXlf_Fh4?rel=0\" width=\"740\" height=\"416\" frameborder=\"0\" allowfullscreen=\"allowfullscreen\"><span style=\"display: inline-block; width: 0px; overflow: hidden; line-height: 0;\" data-mce-type=\"bookmark\" class=\"mce_SELRES_start\">\ufeff<\/span><span style=\"display: inline-block; width: 0px; overflow: hidden; line-height: 0;\" data-mce-type=\"bookmark\" class=\"mce_SELRES_start\">\ufeff<\/span><\/iframe><\/p>\n<p><iframe loading=\"lazy\" src=\"https:\/\/www.youtube.com\/embed\/YogXUHGFTfs?rel=0\" title=\"Rolf Zwirner, Guitar: Pachelbel Canon-Variations (Kanon), Lappland - August 2024\" width=\"740\" height=\"416\" frameborder=\"0\" allowfullscreen=\"allowfullscreen\"><span style=\"display: inline-block; width: 0px; overflow: hidden; line-height: 0;\" data-mce-type=\"bookmark\" class=\"mce_SELRES_start\">\ufeff<\/span><span style=\"display: inline-block; width: 0px; overflow: hidden; line-height: 0;\" data-mce-type=\"bookmark\" class=\"mce_SELRES_start\">\ufeff<\/span><\/iframe><\/p>\n<p><iframe loading=\"lazy\" src=\"https:\/\/www.youtube.com\/embed\/ylxvZjxPc98?rel=0\" title=\"Rolf Zwirner - Manouche-Guitar - Ballads &amp; Originals Music for noble events\" width=\"740\" height=\"416\" frameborder=\"0\" allowfullscreen=\"allowfullscreen\"><span style=\"display: inline-block; width: 0px; overflow: hidden; line-height: 0;\" data-mce-type=\"bookmark\" class=\"mce_SELRES_start\">\ufeff<\/span><span style=\"display: inline-block; width: 0px; overflow: hidden; line-height: 0;\" data-mce-type=\"bookmark\" class=\"mce_SELRES_start\">\ufeff<\/span><\/iframe><\/p>\n<p><iframe loading=\"lazy\" src=\"https:\/\/www.youtube.com\/embed\/0P7deD-oZDI?rel=0\" title=\"Rolf Zwirner,  Di Mauro - Gypsy Guitar, &quot;Manouche&quot; - Tribute - Concert, Bamberg, 22.06.2022\" width=\"740\" height=\"416\" frameborder=\"0\" allowfullscreen=\"allowfullscreen\"><span style=\"display: inline-block; width: 0px; overflow: hidden; line-height: 0;\" data-mce-type=\"bookmark\" class=\"mce_SELRES_start\">\ufeff<\/span><span style=\"display: inline-block; width: 0px; overflow: hidden; line-height: 0;\" data-mce-type=\"bookmark\" class=\"mce_SELRES_start\">\ufeff<\/span><\/iframe><\/p>\n<p><iframe loading=\"lazy\" src=\"https:\/\/www.youtube.com\/embed\/HASDQUUXmP0?rel=0\" title=\"Rolf Zwirner - Wiesbadener Kulturtage,  Gypsy Guitar &amp; more\" width=\"740\" height=\"416\" frameborder=\"0\" allowfullscreen=\"allowfullscreen\"><span style=\"display: inline-block; width: 0px; overflow: hidden; line-height: 0;\" data-mce-type=\"bookmark\" class=\"mce_SELRES_start\">\ufeff<\/span><span style=\"display: inline-block; width: 0px; overflow: hidden; line-height: 0;\" data-mce-type=\"bookmark\" class=\"mce_SELRES_start\">\ufeff<\/span><\/iframe><\/p>\n<p>Legendary Rock-Guitar-Classics (live)<\/p>\n<p><iframe loading=\"lazy\" src=\"https:\/\/www.youtube.com\/embed\/uZe_Vs_ylcA?rel=0\" title=\"Rolf Zwirner, Classic Rock-Guitars (live)\" width=\"740\" height=\"416\" frameborder=\"0\" allowfullscreen=\"allowfullscreen\"><span style=\"display: inline-block; width: 0px; overflow: hidden; line-height: 0;\" data-mce-type=\"bookmark\" class=\"mce_SELRES_start\">\ufeff<\/span><span style=\"display: inline-block; width: 0px; overflow: hidden; line-height: 0;\" data-mce-type=\"bookmark\" class=\"mce_SELRES_start\">\ufeff<\/span><\/iframe><\/p>\n<p>Hier zu 100% mobil und &#8222;unplugged&#8220; im Duo mit Patrick Helbach:<br \/>\n(Handy-Livemitschnitt)<\/p>\n<p><iframe loading=\"lazy\" src=\"https:\/\/www.youtube.com\/embed\/9sHPTr55KTE?rel=0\" width=\"740\" height=\"416\" frameborder=\"0\" allowfullscreen=\"allowfullscreen\"><span style=\"display: inline-block; width: 0px; overflow: hidden; line-height: 0;\" data-mce-type=\"bookmark\" class=\"mce_SELRES_start\">\ufeff<\/span><span style=\"display: inline-block; width: 0px; overflow: hidden; line-height: 0;\" data-mce-type=\"bookmark\" class=\"mce_SELRES_start\">\ufeff<\/span><\/iframe><\/p>\n<p><iframe loading=\"lazy\" src=\"https:\/\/www.youtube.com\/embed\/fQbAxnILtEc?rel=0\" width=\"740\" height=\"416\" frameborder=\"0\" allowfullscreen=\"allowfullscreen\"><span style=\"display: inline-block; width: 0px; overflow: hidden; line-height: 0;\" data-mce-type=\"bookmark\" class=\"mce_SELRES_start\">\ufeff<\/span><span style=\"display: inline-block; width: 0px; overflow: hidden; line-height: 0;\" data-mce-type=\"bookmark\" class=\"mce_SELRES_start\">\ufeff<\/span><\/iframe><\/p>\n<p><iframe loading=\"lazy\" src=\"https:\/\/www.youtube.com\/embed\/T2U3gK9O-y8?rel=0\" title=\"Rolf Zwirner - Eelectric Violin Swing\" width=\"740\" height=\"416\" frameborder=\"0\" allowfullscreen=\"allowfullscreen\"><span style=\"display: inline-block; width: 0px; overflow: hidden; line-height: 0;\" data-mce-type=\"bookmark\" class=\"mce_SELRES_start\">\ufeff<\/span><span style=\"display: inline-block; width: 0px; overflow: hidden; line-height: 0;\" data-mce-type=\"bookmark\" class=\"mce_SELRES_start\">\ufeff<\/span><span style=\"display: inline-block; width: 0px; overflow: hidden; line-height: 0;\" data-mce-type=\"bookmark\" class=\"mce_SELRES_start\">\ufeff<\/span><\/iframe><\/p>\n<p><iframe loading=\"lazy\" src=\"https:\/\/www.youtube.com\/embed\/kvo9oWWzTYs?rel=0\" width=\"740\" height=\"416\" frameborder=\"0\" allowfullscreen=\"allowfullscreen\"><span style=\"display: inline-block; width: 0px; overflow: hidden; line-height: 0;\" data-mce-type=\"bookmark\" class=\"mce_SELRES_start\">\ufeff<\/span><span style=\"display: inline-block; width: 0px; overflow: hidden; line-height: 0;\" data-mce-type=\"bookmark\" class=\"mce_SELRES_start\">\ufeff<\/span><span style=\"display: inline-block; width: 0px; overflow: hidden; line-height: 0;\" data-mce-type=\"bookmark\" class=\"mce_SELRES_start\">\ufeff<\/span><\/iframe><\/p>\n<h2>Traumhafte Livemusik f\u00fcr Geburtstag, Hochzeit, Empfang, Fest &amp; Feier<\/h2>\n<p>Musik mit Urlaibsflair!<br \/>\nVon sommerlichen Unplugged-Kl\u00e4ngen zum Sektempfang \u00fcber angenehme Begleitmusik w\u00e4hrend des Essens bis hin zu rockig, fetziger Tanzmusik biete ich Ihnen ein abendf\u00fcllendes Programm. Es zeichnet sich durch eine gro\u00dfe musikalische Vielfalt und Professionalit\u00e4t aus. Neben instrumentalen Versionen gro\u00dfer &#8222;Hits&#8220;, finden sich Titel aus nahezu allen musikalischen Genres, geschmackvoll ausgesucht und arrangiert. Durch jahrelange Erfahrung habe ich fast schon einen &#8222;siebten Sinn&#8220; entwickelt, um die Musik dem Verlauf Ihrer Feier optimal anzupassen.\u00a0 Nat\u00fcrlich sollten dabei (Hochzeit oder Geburtstag) auch immer die unterschiedlichen Altersgruppen ber\u00fccksichtigt werden.<\/p>\n<hr \/>\n<h3>Was d\u00fcrfen Sie erwarten?<\/h3>\n<ul>\n<li>Virtuosit\u00e4t, Improvisationsreichtum und Spielfreude an Gitarren, Geige, Piano und Keyboards.<\/li>\n<li>Authentisches Spiel und hochwertiger Sound bei jeder gew\u00fcnschten Lautst\u00e4rke.<\/li>\n<li>Wo es erforderlich ist, bilden dezent arrangierte Halbplaybacks den &#8222;Teppich&#8220; f\u00fcr die Soloinstrumente.<\/li>\n<\/ul>\n<h3>F\u00fcr welche Anl\u00e4sse eignet sich mein Konzept?<\/h3>\n<ul>\n<li>Alle Anl\u00e4sse, wo gr\u00f6\u00dfere Live-Formationen schnell \u00fcberdimensioniert und gesangsbetonte Bands zu dominant wirken k\u00f6nnten (z.B. durch Raumgr\u00f6\u00dfe oder Anzahl der G\u00e4ste bedingt):<\/li>\n<li>Musik zum Zuh\u00f6ren f\u00fcr &#8222;Musik-Gourmets&#8220; oder als niveauvolle musikalische Untermalung f\u00fcr Feste, Feiern, Events, die durch Live-Musik den besonderen &#8222;Touch&#8220; bekommen: Hochzeit, Geburtstag, Event, private Feier, Firmenfeier, Empfang, Dinner, Ausstellungen, Er\u00f6ffnungen, Tagungen, Feierstunden.<\/li>\n<\/ul>\n<p><img loading=\"lazy\" decoding=\"async\" class=\"aligncenter wp-image-123 size-full\" src=\"http:\/\/zwirner.com\/one-man-band\/wp-content\/uploads\/2018\/01\/buehne_01-e1516223049926.jpg\" alt=\"Livemusik f\u00fcr Geburtstag, Hochzeit, Empfang, Fest &amp; Feier\" width=\"2579\" height=\"1432\" srcset=\"https:\/\/zwirner.com\/one-man-band\/wp-content\/uploads\/2018\/01\/buehne_01-e1516223049926.jpg 2579w, https:\/\/zwirner.com\/one-man-band\/wp-content\/uploads\/2018\/01\/buehne_01-e1516223049926-300x167.jpg 300w, https:\/\/zwirner.com\/one-man-band\/wp-content\/uploads\/2018\/01\/buehne_01-e1516223049926-768x426.jpg 768w, https:\/\/zwirner.com\/one-man-band\/wp-content\/uploads\/2018\/01\/buehne_01-e1516223049926-1024x569.jpg 1024w\" sizes=\"auto, (max-width: 767px) 89vw, (max-width: 1000px) 54vw, (max-width: 1071px) 543px, 580px\" \/>\u00a0 <img loading=\"lazy\" decoding=\"async\" class=\"aligncenter wp-image-287 size-full\" src=\"http:\/\/zwirner.com\/one-man-band\/wp-content\/uploads\/2018\/01\/saal_01-e1516463525920.jpg\" alt=\"Livemusik f\u00fcr Geburtstag, Hochzeit, Empfang, Fest &amp; Feier\" width=\"2592\" height=\"1936\" srcset=\"https:\/\/zwirner.com\/one-man-band\/wp-content\/uploads\/2018\/01\/saal_01-e1516463525920.jpg 2592w, https:\/\/zwirner.com\/one-man-band\/wp-content\/uploads\/2018\/01\/saal_01-e1516463525920-300x224.jpg 300w, https:\/\/zwirner.com\/one-man-band\/wp-content\/uploads\/2018\/01\/saal_01-e1516463525920-768x574.jpg 768w, https:\/\/zwirner.com\/one-man-band\/wp-content\/uploads\/2018\/01\/saal_01-e1516463525920-1024x765.jpg 1024w\" sizes=\"auto, (max-width: 767px) 89vw, (max-width: 1000px) 54vw, (max-width: 1071px) 543px, 580px\" \/><\/p>\n","protected":false},"excerpt":{"rendered":"<p>Rock, Pop, Jazz, Gypsy Swing, Klassik, Folk &amp; more &#8222;Guitars from Heaven&#8220; Instrumental-Performance f\u00fcr private Events und Kulturveranstaltungen, Geburtstag, Hochzeit, Empfang, Fest &amp; Feier, meisterhaft und authentisch dargeboten, auch zu 100% mobil und &#8222;unplugged&#8220; m\u00f6glich. Ich biete Ihnen ein abendf\u00fcllendes, exquisites Programm an Livemusik f\u00fcr Geburtstag, Hochzeit, Empfang, Fest &amp; Feier, Dinner, Lounge, Tanz, Party, &hellip; <\/p>\n<p class=\"link-more\"><a href=\"https:\/\/zwirner.com\/one-man-band\/\" class=\"more-link\"><span class=\"screen-reader-text\">\u201e&#8222;Guitars from Heaven&#8220; Instrumental-Performance f\u00fcr Konzerte, private Events, Sektempfang, Aperitif, Dinner, Party\u201c<\/span> weiterlesen<\/a><\/p>\n","protected":false},"author":1,"featured_media":478,"parent":0,"menu_order":0,"comment_status":"closed","ping_status":"open","template":"","meta":{"footnotes":""},"class_list":["post-2","page","type-page","status-publish","has-post-thumbnail","hentry"],"yoast_head":"<!-- This site is optimized with the Yoast SEO plugin v25.8 - https:\/\/yoast.com\/wordpress\/plugins\/seo\/ -->\n<title>&quot;Guitars from Heaven&quot; Instrumental-Performance f\u00fcr Konzerte, private Events, Sektempfang, Aperitif, Dinner, Party - &quot;Guitars from Heaven&quot;<\/title>\n<meta name=\"description\" content=\"&quot;Guitars from Heaven&quot; - Live-Musik (rein instrumental) f\u00fcr Konzert, Sektempfang, Dinner, Aperitif\" \/>\n<meta name=\"robots\" content=\"index, follow, max-snippet:-1, max-image-preview:large, max-video-preview:-1\" \/>\n<link rel=\"canonical\" href=\"https:\/\/zwirner.com\/one-man-band\/\" \/>\n<meta property=\"og:locale\" content=\"de_DE\" \/>\n<meta property=\"og:type\" content=\"article\" \/>\n<meta property=\"og:title\" content=\"&quot;Guitars from Heaven&quot; Instrumental-Performance f\u00fcr Konzerte, private Events, Sektempfang, Aperitif, Dinner, Party - &quot;Guitars from Heaven&quot;\" \/>\n<meta property=\"og:description\" content=\"&quot;Guitars from Heaven&quot; - Live-Musik (rein instrumental) f\u00fcr Konzert, Sektempfang, Dinner, Aperitif\" \/>\n<meta property=\"og:url\" content=\"https:\/\/zwirner.com\/one-man-band\/\" \/>\n<meta property=\"og:site_name\" content=\"&quot;Guitars from Heaven&quot;\" \/>\n<meta property=\"article:publisher\" content=\"https:\/\/www.facebook.com\/RolfZwirnerAndFriends\/\" \/>\n<meta property=\"article:modified_time\" content=\"2025-12-11T11:54:36+00:00\" \/>\n<meta property=\"og:image\" content=\"https:\/\/zwirner.com\/one-man-band\/wp-content\/uploads\/2020\/01\/20180908_1093-scaled-e1596479101629.jpg\" \/>\n\t<meta property=\"og:image:width\" content=\"1024\" \/>\n\t<meta property=\"og:image:height\" content=\"683\" \/>\n\t<meta property=\"og:image:type\" content=\"image\/jpeg\" \/>\n<meta name=\"twitter:card\" content=\"summary_large_image\" \/>\n<meta name=\"twitter:label1\" content=\"Gesch\u00e4tzte Lesezeit\" \/>\n\t<meta name=\"twitter:data1\" content=\"3\u00a0Minuten\" \/>\n<script type=\"application\/ld+json\" class=\"yoast-schema-graph\">{\"@context\":\"https:\/\/schema.org\",\"@graph\":[{\"@type\":\"WebPage\",\"@id\":\"https:\/\/zwirner.com\/one-man-band\/\",\"url\":\"https:\/\/zwirner.com\/one-man-band\/\",\"name\":\"\\\"Guitars from Heaven\\\" Instrumental-Performance f\u00fcr Konzerte, private Events, Sektempfang, Aperitif, Dinner, Party - &quot;Guitars from Heaven&quot;\",\"isPartOf\":{\"@id\":\"https:\/\/zwirner.com\/one-man-band\/#website\"},\"primaryImageOfPage\":{\"@id\":\"https:\/\/zwirner.com\/one-man-band\/#primaryimage\"},\"image\":{\"@id\":\"https:\/\/zwirner.com\/one-man-band\/#primaryimage\"},\"thumbnailUrl\":\"https:\/\/zwirner.com\/one-man-band\/wp-content\/uploads\/2020\/01\/20180908_1093-scaled-e1596479101629.jpg\",\"datePublished\":\"2018-01-16T19:51:45+00:00\",\"dateModified\":\"2025-12-11T11:54:36+00:00\",\"description\":\"\\\"Guitars from Heaven\\\" - Live-Musik (rein instrumental) f\u00fcr Konzert, Sektempfang, Dinner, Aperitif\",\"breadcrumb\":{\"@id\":\"https:\/\/zwirner.com\/one-man-band\/#breadcrumb\"},\"inLanguage\":\"de\",\"potentialAction\":[{\"@type\":\"ReadAction\",\"target\":[\"https:\/\/zwirner.com\/one-man-band\/\"]}]},{\"@type\":\"ImageObject\",\"inLanguage\":\"de\",\"@id\":\"https:\/\/zwirner.com\/one-man-band\/#primaryimage\",\"url\":\"https:\/\/zwirner.com\/one-man-band\/wp-content\/uploads\/2020\/01\/20180908_1093-scaled-e1596479101629.jpg\",\"contentUrl\":\"https:\/\/zwirner.com\/one-man-band\/wp-content\/uploads\/2020\/01\/20180908_1093-scaled-e1596479101629.jpg\",\"width\":1024,\"height\":683,\"caption\":\"Rolf Zwirner, Gitarrist und Multi-Instrumentalist\"},{\"@type\":\"BreadcrumbList\",\"@id\":\"https:\/\/zwirner.com\/one-man-band\/#breadcrumb\",\"itemListElement\":[{\"@type\":\"ListItem\",\"position\":1,\"name\":\"Startseite\",\"item\":\"https:\/\/zwirner.com\/one-man-band\/\"},{\"@type\":\"ListItem\",\"position\":2,\"name\":\"&#8222;Guitars from Heaven&#8220; Instrumental-Performance f\u00fcr Konzerte, private Events, Sektempfang, Aperitif, Dinner, Party\"}]},{\"@type\":\"WebSite\",\"@id\":\"https:\/\/zwirner.com\/one-man-band\/#website\",\"url\":\"https:\/\/zwirner.com\/one-man-band\/\",\"name\":\"&quot;Guitars from Heaven&quot;\",\"description\":\"Rolf Zwirner-Solo, Guitar-Instrumentals (optional Violin, Piano)\",\"publisher\":{\"@id\":\"https:\/\/zwirner.com\/one-man-band\/#organization\"},\"potentialAction\":[{\"@type\":\"SearchAction\",\"target\":{\"@type\":\"EntryPoint\",\"urlTemplate\":\"https:\/\/zwirner.com\/one-man-band\/?s={search_term_string}\"},\"query-input\":{\"@type\":\"PropertyValueSpecification\",\"valueRequired\":true,\"valueName\":\"search_term_string\"}}],\"inLanguage\":\"de\"},{\"@type\":\"Organization\",\"@id\":\"https:\/\/zwirner.com\/one-man-band\/#organization\",\"name\":\"Rolf Zwirner, niveauvolle Live-Musik f\u00fcr Ihr Event\",\"url\":\"https:\/\/zwirner.com\/one-man-band\/\",\"logo\":{\"@type\":\"ImageObject\",\"inLanguage\":\"de\",\"@id\":\"https:\/\/zwirner.com\/one-man-band\/#\/schema\/logo\/image\/\",\"url\":\"https:\/\/zwirner.com\/one-man-band\/wp-content\/uploads\/2018\/01\/rolf_solo_01-1.jpg\",\"contentUrl\":\"https:\/\/zwirner.com\/one-man-band\/wp-content\/uploads\/2018\/01\/rolf_solo_01-1.jpg\",\"width\":479,\"height\":615,\"caption\":\"Rolf Zwirner, niveauvolle Live-Musik f\u00fcr Ihr Event\"},\"image\":{\"@id\":\"https:\/\/zwirner.com\/one-man-band\/#\/schema\/logo\/image\/\"},\"sameAs\":[\"https:\/\/www.facebook.com\/RolfZwirnerAndFriends\/\",\"https:\/\/www.youtube.com\/channel\/UC2AW5nN5pnDbxHnVEja22KA\"]}]}<\/script>\n<!-- \/ Yoast SEO plugin. -->","yoast_head_json":{"title":"\"Guitars from Heaven\" Instrumental-Performance f\u00fcr Konzerte, private Events, Sektempfang, Aperitif, Dinner, Party - &quot;Guitars from Heaven&quot;","description":"\"Guitars from Heaven\" - Live-Musik (rein instrumental) f\u00fcr Konzert, Sektempfang, Dinner, Aperitif","robots":{"index":"index","follow":"follow","max-snippet":"max-snippet:-1","max-image-preview":"max-image-preview:large","max-video-preview":"max-video-preview:-1"},"canonical":"https:\/\/zwirner.com\/one-man-band\/","og_locale":"de_DE","og_type":"article","og_title":"\"Guitars from Heaven\" Instrumental-Performance f\u00fcr Konzerte, private Events, Sektempfang, Aperitif, Dinner, Party - &quot;Guitars from Heaven&quot;","og_description":"\"Guitars from Heaven\" - Live-Musik (rein instrumental) f\u00fcr Konzert, Sektempfang, Dinner, Aperitif","og_url":"https:\/\/zwirner.com\/one-man-band\/","og_site_name":"&quot;Guitars from Heaven&quot;","article_publisher":"https:\/\/www.facebook.com\/RolfZwirnerAndFriends\/","article_modified_time":"2025-12-11T11:54:36+00:00","og_image":[{"width":1024,"height":683,"url":"https:\/\/zwirner.com\/one-man-band\/wp-content\/uploads\/2020\/01\/20180908_1093-scaled-e1596479101629.jpg","type":"image\/jpeg"}],"twitter_card":"summary_large_image","twitter_misc":{"Gesch\u00e4tzte Lesezeit":"3\u00a0Minuten"},"schema":{"@context":"https:\/\/schema.org","@graph":[{"@type":"WebPage","@id":"https:\/\/zwirner.com\/one-man-band\/","url":"https:\/\/zwirner.com\/one-man-band\/","name":"\"Guitars from Heaven\" Instrumental-Performance f\u00fcr Konzerte, private Events, Sektempfang, Aperitif, Dinner, Party - &quot;Guitars from Heaven&quot;","isPartOf":{"@id":"https:\/\/zwirner.com\/one-man-band\/#website"},"primaryImageOfPage":{"@id":"https:\/\/zwirner.com\/one-man-band\/#primaryimage"},"image":{"@id":"https:\/\/zwirner.com\/one-man-band\/#primaryimage"},"thumbnailUrl":"https:\/\/zwirner.com\/one-man-band\/wp-content\/uploads\/2020\/01\/20180908_1093-scaled-e1596479101629.jpg","datePublished":"2018-01-16T19:51:45+00:00","dateModified":"2025-12-11T11:54:36+00:00","description":"\"Guitars from Heaven\" - Live-Musik (rein instrumental) f\u00fcr Konzert, Sektempfang, Dinner, Aperitif","breadcrumb":{"@id":"https:\/\/zwirner.com\/one-man-band\/#breadcrumb"},"inLanguage":"de","potentialAction":[{"@type":"ReadAction","target":["https:\/\/zwirner.com\/one-man-band\/"]}]},{"@type":"ImageObject","inLanguage":"de","@id":"https:\/\/zwirner.com\/one-man-band\/#primaryimage","url":"https:\/\/zwirner.com\/one-man-band\/wp-content\/uploads\/2020\/01\/20180908_1093-scaled-e1596479101629.jpg","contentUrl":"https:\/\/zwirner.com\/one-man-band\/wp-content\/uploads\/2020\/01\/20180908_1093-scaled-e1596479101629.jpg","width":1024,"height":683,"caption":"Rolf Zwirner, Gitarrist und Multi-Instrumentalist"},{"@type":"BreadcrumbList","@id":"https:\/\/zwirner.com\/one-man-band\/#breadcrumb","itemListElement":[{"@type":"ListItem","position":1,"name":"Startseite","item":"https:\/\/zwirner.com\/one-man-band\/"},{"@type":"ListItem","position":2,"name":"&#8222;Guitars from Heaven&#8220; Instrumental-Performance f\u00fcr Konzerte, private Events, Sektempfang, Aperitif, Dinner, Party"}]},{"@type":"WebSite","@id":"https:\/\/zwirner.com\/one-man-band\/#website","url":"https:\/\/zwirner.com\/one-man-band\/","name":"&quot;Guitars from Heaven&quot;","description":"Rolf Zwirner-Solo, Guitar-Instrumentals (optional Violin, Piano)","publisher":{"@id":"https:\/\/zwirner.com\/one-man-band\/#organization"},"potentialAction":[{"@type":"SearchAction","target":{"@type":"EntryPoint","urlTemplate":"https:\/\/zwirner.com\/one-man-band\/?s={search_term_string}"},"query-input":{"@type":"PropertyValueSpecification","valueRequired":true,"valueName":"search_term_string"}}],"inLanguage":"de"},{"@type":"Organization","@id":"https:\/\/zwirner.com\/one-man-band\/#organization","name":"Rolf Zwirner, niveauvolle Live-Musik f\u00fcr Ihr Event","url":"https:\/\/zwirner.com\/one-man-band\/","logo":{"@type":"ImageObject","inLanguage":"de","@id":"https:\/\/zwirner.com\/one-man-band\/#\/schema\/logo\/image\/","url":"https:\/\/zwirner.com\/one-man-band\/wp-content\/uploads\/2018\/01\/rolf_solo_01-1.jpg","contentUrl":"https:\/\/zwirner.com\/one-man-band\/wp-content\/uploads\/2018\/01\/rolf_solo_01-1.jpg","width":479,"height":615,"caption":"Rolf Zwirner, niveauvolle Live-Musik f\u00fcr Ihr Event"},"image":{"@id":"https:\/\/zwirner.com\/one-man-band\/#\/schema\/logo\/image\/"},"sameAs":["https:\/\/www.facebook.com\/RolfZwirnerAndFriends\/","https:\/\/www.youtube.com\/channel\/UC2AW5nN5pnDbxHnVEja22KA"]}]}},"_links":{"self":[{"href":"https:\/\/zwirner.com\/one-man-band\/wp-json\/wp\/v2\/pages\/2","targetHints":{"allow":["GET"]}}],"collection":[{"href":"https:\/\/zwirner.com\/one-man-band\/wp-json\/wp\/v2\/pages"}],"about":[{"href":"https:\/\/zwirner.com\/one-man-band\/wp-json\/wp\/v2\/types\/page"}],"author":[{"embeddable":true,"href":"https:\/\/zwirner.com\/one-man-band\/wp-json\/wp\/v2\/users\/1"}],"replies":[{"embeddable":true,"href":"https:\/\/zwirner.com\/one-man-band\/wp-json\/wp\/v2\/comments?post=2"}],"version-history":[{"count":132,"href":"https:\/\/zwirner.com\/one-man-band\/wp-json\/wp\/v2\/pages\/2\/revisions"}],"predecessor-version":[{"id":582,"href":"https:\/\/zwirner.com\/one-man-band\/wp-json\/wp\/v2\/pages\/2\/revisions\/582"}],"wp:featuredmedia":[{"embeddable":true,"href":"https:\/\/zwirner.com\/one-man-band\/wp-json\/wp\/v2\/media\/478"}],"wp:attachment":[{"href":"https:\/\/zwirner.com\/one-man-band\/wp-json\/wp\/v2\/media?parent=2"}],"curies":[{"name":"wp","href":"https:\/\/api.w.org\/{rel}","templated":true}]}}