{"id":196,"date":"2018-01-19T13:09:15","date_gmt":"2018-01-19T12:09:15","guid":{"rendered":"http:\/\/zwirner.com\/one-man-band\/?page_id=196"},"modified":"2019-02-18T20:54:40","modified_gmt":"2019-02-18T19:54:40","slug":"geburtstagsfeier-mit-handmade-livemusik","status":"publish","type":"page","link":"https:\/\/zwirner.com\/one-man-band\/geburtstagsfeier-mit-handmade-livemusik\/","title":{"rendered":"Geburtstagsfeier mit &#8222;handmade&#8220; Livemusik"},"content":{"rendered":"<h2>Genuss und Vergn\u00fcgen mit toller Livemusik an Ihrem runden Geburtstag<\/h2>\n<p>F\u00fcr jeden Anlass passend, sei es Ihr 40., 50., 60., 70. oder 80. Geburtstag, erlaubt mir meine riesige Programmauswahl, immer den &#8222;richtigen Ton&#8220; zu treffen. So gibt es Musikst\u00fccke aus nahezu allen Bereichen, von Rock \u00fcber Pop, Swing, Klassik, Folk etc.:<\/p>\n<p>&#8222;Bach&#8220; neben &#8222;Jimi Hendrix&#8220;, &#8222;Bon Jovi&#8220; neben &#8222;Django Reinhardt&#8220;, franz\u00f6sischer &#8222;Musette&#8220; neben ungarischen &#8222;Czardas&#8220;, &#8222;Deep Purple&#8220; neben &#8222;Procul Harum&#8220;, &#8222;Stephane Grappelli&#8220; neben &#8222;AC\/DC&#8220;, aktuelles neben Oldies und vieles mehr.<\/p>\n<p>Die Musik auf Ihrer Geburtstagsfeier soll nicht zu dominant wirken und dennoch niveauvolle abwechslungsreiche Unterhaltung garantieren?<br \/>\nEine gr\u00f6\u00dfere Formation oder Band, wo der Gesang im Vordergrund steht, ist dann manchmal doch zuviel des Guten.<\/p>\n<p>Mit Akustik-Gitarre, E-Gitarre, Geige und Piano\/Keyboard pr\u00e4sentiere ich Ihnen als Multi-Instrumentalist wundersch\u00f6ne Musik zum Geniessen, Entspannen, Zuh\u00f6ren oder Tr\u00e4umen, die aber auch temperamentvoll, mitrei\u00dfend, tanzbar und sehr &#8222;fetzig&#8220; sein kann.<br \/>\nMeine professionelle Beschallungsanlage erlaubt es mir, selbst fetzige Rocknummern mit ordentlich &#8222;Dampf&#8220; noch in einer moderaten Lautst\u00e4rke &#8218;r\u00fcberzubringen, wenn es gew\u00fcnscht wird.<\/p>\n<p>&nbsp;<\/p>\n","protected":false},"excerpt":{"rendered":"<p>Genuss und Vergn\u00fcgen mit toller Livemusik an Ihrem runden Geburtstag F\u00fcr jeden Anlass passend, sei es Ihr 40., 50., 60., 70. oder 80. Geburtstag, erlaubt mir meine riesige Programmauswahl, immer den &#8222;richtigen Ton&#8220; zu treffen. So gibt es Musikst\u00fccke aus nahezu allen Bereichen, von Rock \u00fcber Pop, Swing, Klassik, Folk etc.: &#8222;Bach&#8220; neben &#8222;Jimi Hendrix&#8220;, &hellip; <\/p>\n<p class=\"link-more\"><a href=\"https:\/\/zwirner.com\/one-man-band\/geburtstagsfeier-mit-handmade-livemusik\/\" class=\"more-link\"><span class=\"screen-reader-text\">\u201eGeburtstagsfeier mit &#8222;handmade&#8220; Livemusik\u201c<\/span> weiterlesen<\/a><\/p>\n","protected":false},"author":1,"featured_media":422,"parent":0,"menu_order":0,"comment_status":"closed","ping_status":"closed","template":"","meta":{"footnotes":""},"class_list":["post-196","page","type-page","status-publish","has-post-thumbnail","hentry"],"yoast_head":"<!-- This site is optimized with the Yoast SEO plugin v25.8 - https:\/\/yoast.com\/wordpress\/plugins\/seo\/ -->\n<title>Geburtstagsfeier mit &quot;handmade&quot; Livemusik - &quot;Guitars from Heaven&quot;<\/title>\n<meta name=\"robots\" content=\"index, follow, max-snippet:-1, max-image-preview:large, max-video-preview:-1\" \/>\n<link rel=\"canonical\" href=\"https:\/\/zwirner.com\/one-man-band\/geburtstagsfeier-mit-handmade-livemusik\/\" \/>\n<meta property=\"og:locale\" content=\"de_DE\" \/>\n<meta property=\"og:type\" content=\"article\" \/>\n<meta property=\"og:title\" content=\"Geburtstagsfeier mit &quot;handmade&quot; Livemusik - &quot;Guitars from Heaven&quot;\" \/>\n<meta property=\"og:description\" content=\"Genuss und Vergn\u00fcgen mit toller Livemusik an Ihrem runden Geburtstag F\u00fcr jeden Anlass passend, sei es Ihr 40., 50., 60., 70. oder 80. Geburtstag, erlaubt mir meine riesige Programmauswahl, immer den &#8222;richtigen Ton&#8220; zu treffen. So gibt es Musikst\u00fccke aus nahezu allen Bereichen, von Rock \u00fcber Pop, Swing, Klassik, Folk etc.: &#8222;Bach&#8220; neben &#8222;Jimi Hendrix&#8220;, &hellip; \u201eGeburtstagsfeier mit &#8222;handmade&#8220; Livemusik\u201c weiterlesen\" \/>\n<meta property=\"og:url\" content=\"https:\/\/zwirner.com\/one-man-band\/geburtstagsfeier-mit-handmade-livemusik\/\" \/>\n<meta property=\"og:site_name\" content=\"&quot;Guitars from Heaven&quot;\" \/>\n<meta property=\"article:publisher\" content=\"https:\/\/www.facebook.com\/RolfZwirnerAndFriends\/\" \/>\n<meta property=\"article:modified_time\" content=\"2019-02-18T19:54:40+00:00\" \/>\n<meta property=\"og:image\" content=\"https:\/\/zwirner.com\/one-man-band\/wp-content\/uploads\/2019\/02\/inhalt_headerbild_02-1-e1550520315951.jpg\" \/>\n\t<meta property=\"og:image:width\" content=\"1872\" \/>\n\t<meta property=\"og:image:height\" content=\"302\" \/>\n\t<meta property=\"og:image:type\" content=\"image\/jpeg\" \/>\n<meta name=\"twitter:card\" content=\"summary_large_image\" \/>\n<meta name=\"twitter:label1\" content=\"Gesch\u00e4tzte Lesezeit\" \/>\n\t<meta name=\"twitter:data1\" content=\"1\u00a0Minute\" \/>\n<script type=\"application\/ld+json\" class=\"yoast-schema-graph\">{\"@context\":\"https:\/\/schema.org\",\"@graph\":[{\"@type\":\"WebPage\",\"@id\":\"https:\/\/zwirner.com\/one-man-band\/geburtstagsfeier-mit-handmade-livemusik\/\",\"url\":\"https:\/\/zwirner.com\/one-man-band\/geburtstagsfeier-mit-handmade-livemusik\/\",\"name\":\"Geburtstagsfeier mit \\\"handmade\\\" Livemusik - &quot;Guitars from Heaven&quot;\",\"isPartOf\":{\"@id\":\"https:\/\/zwirner.com\/one-man-band\/#website\"},\"primaryImageOfPage\":{\"@id\":\"https:\/\/zwirner.com\/one-man-band\/geburtstagsfeier-mit-handmade-livemusik\/#primaryimage\"},\"image\":{\"@id\":\"https:\/\/zwirner.com\/one-man-band\/geburtstagsfeier-mit-handmade-livemusik\/#primaryimage\"},\"thumbnailUrl\":\"https:\/\/zwirner.com\/one-man-band\/wp-content\/uploads\/2019\/02\/inhalt_headerbild_02-1-e1550520315951.jpg\",\"datePublished\":\"2018-01-19T12:09:15+00:00\",\"dateModified\":\"2019-02-18T19:54:40+00:00\",\"breadcrumb\":{\"@id\":\"https:\/\/zwirner.com\/one-man-band\/geburtstagsfeier-mit-handmade-livemusik\/#breadcrumb\"},\"inLanguage\":\"de\",\"potentialAction\":[{\"@type\":\"ReadAction\",\"target\":[\"https:\/\/zwirner.com\/one-man-band\/geburtstagsfeier-mit-handmade-livemusik\/\"]}]},{\"@type\":\"ImageObject\",\"inLanguage\":\"de\",\"@id\":\"https:\/\/zwirner.com\/one-man-band\/geburtstagsfeier-mit-handmade-livemusik\/#primaryimage\",\"url\":\"https:\/\/zwirner.com\/one-man-band\/wp-content\/uploads\/2019\/02\/inhalt_headerbild_02-1-e1550520315951.jpg\",\"contentUrl\":\"https:\/\/zwirner.com\/one-man-band\/wp-content\/uploads\/2019\/02\/inhalt_headerbild_02-1-e1550520315951.jpg\",\"width\":1872,\"height\":302},{\"@type\":\"BreadcrumbList\",\"@id\":\"https:\/\/zwirner.com\/one-man-band\/geburtstagsfeier-mit-handmade-livemusik\/#breadcrumb\",\"itemListElement\":[{\"@type\":\"ListItem\",\"position\":1,\"name\":\"Startseite\",\"item\":\"https:\/\/zwirner.com\/one-man-band\/\"},{\"@type\":\"ListItem\",\"position\":2,\"name\":\"Geburtstagsfeier mit &#8222;handmade&#8220; Livemusik\"}]},{\"@type\":\"WebSite\",\"@id\":\"https:\/\/zwirner.com\/one-man-band\/#website\",\"url\":\"https:\/\/zwirner.com\/one-man-band\/\",\"name\":\"&quot;Guitars from Heaven&quot;\",\"description\":\"Rolf Zwirner-Solo, Guitar-Instrumentals (optional Violin, Piano)\",\"publisher\":{\"@id\":\"https:\/\/zwirner.com\/one-man-band\/#organization\"},\"potentialAction\":[{\"@type\":\"SearchAction\",\"target\":{\"@type\":\"EntryPoint\",\"urlTemplate\":\"https:\/\/zwirner.com\/one-man-band\/?s={search_term_string}\"},\"query-input\":{\"@type\":\"PropertyValueSpecification\",\"valueRequired\":true,\"valueName\":\"search_term_string\"}}],\"inLanguage\":\"de\"},{\"@type\":\"Organization\",\"@id\":\"https:\/\/zwirner.com\/one-man-band\/#organization\",\"name\":\"Rolf Zwirner, niveauvolle Live-Musik f\u00fcr Ihr Event\",\"url\":\"https:\/\/zwirner.com\/one-man-band\/\",\"logo\":{\"@type\":\"ImageObject\",\"inLanguage\":\"de\",\"@id\":\"https:\/\/zwirner.com\/one-man-band\/#\/schema\/logo\/image\/\",\"url\":\"https:\/\/zwirner.com\/one-man-band\/wp-content\/uploads\/2018\/01\/rolf_solo_01-1.jpg\",\"contentUrl\":\"https:\/\/zwirner.com\/one-man-band\/wp-content\/uploads\/2018\/01\/rolf_solo_01-1.jpg\",\"width\":479,\"height\":615,\"caption\":\"Rolf Zwirner, niveauvolle Live-Musik f\u00fcr Ihr Event\"},\"image\":{\"@id\":\"https:\/\/zwirner.com\/one-man-band\/#\/schema\/logo\/image\/\"},\"sameAs\":[\"https:\/\/www.facebook.com\/RolfZwirnerAndFriends\/\",\"https:\/\/www.youtube.com\/channel\/UC2AW5nN5pnDbxHnVEja22KA\"]}]}<\/script>\n<!-- \/ Yoast SEO plugin. -->","yoast_head_json":{"title":"Geburtstagsfeier mit \"handmade\" Livemusik - &quot;Guitars from Heaven&quot;","robots":{"index":"index","follow":"follow","max-snippet":"max-snippet:-1","max-image-preview":"max-image-preview:large","max-video-preview":"max-video-preview:-1"},"canonical":"https:\/\/zwirner.com\/one-man-band\/geburtstagsfeier-mit-handmade-livemusik\/","og_locale":"de_DE","og_type":"article","og_title":"Geburtstagsfeier mit \"handmade\" Livemusik - &quot;Guitars from Heaven&quot;","og_description":"Genuss und Vergn\u00fcgen mit toller Livemusik an Ihrem runden Geburtstag F\u00fcr jeden Anlass passend, sei es Ihr 40., 50., 60., 70. oder 80. Geburtstag, erlaubt mir meine riesige Programmauswahl, immer den &#8222;richtigen Ton&#8220; zu treffen. So gibt es Musikst\u00fccke aus nahezu allen Bereichen, von Rock \u00fcber Pop, Swing, Klassik, Folk etc.: &#8222;Bach&#8220; neben &#8222;Jimi Hendrix&#8220;, &hellip; \u201eGeburtstagsfeier mit &#8222;handmade&#8220; Livemusik\u201c weiterlesen","og_url":"https:\/\/zwirner.com\/one-man-band\/geburtstagsfeier-mit-handmade-livemusik\/","og_site_name":"&quot;Guitars from Heaven&quot;","article_publisher":"https:\/\/www.facebook.com\/RolfZwirnerAndFriends\/","article_modified_time":"2019-02-18T19:54:40+00:00","og_image":[{"width":1872,"height":302,"url":"https:\/\/zwirner.com\/one-man-band\/wp-content\/uploads\/2019\/02\/inhalt_headerbild_02-1-e1550520315951.jpg","type":"image\/jpeg"}],"twitter_card":"summary_large_image","twitter_misc":{"Gesch\u00e4tzte Lesezeit":"1\u00a0Minute"},"schema":{"@context":"https:\/\/schema.org","@graph":[{"@type":"WebPage","@id":"https:\/\/zwirner.com\/one-man-band\/geburtstagsfeier-mit-handmade-livemusik\/","url":"https:\/\/zwirner.com\/one-man-band\/geburtstagsfeier-mit-handmade-livemusik\/","name":"Geburtstagsfeier mit \"handmade\" Livemusik - &quot;Guitars from Heaven&quot;","isPartOf":{"@id":"https:\/\/zwirner.com\/one-man-band\/#website"},"primaryImageOfPage":{"@id":"https:\/\/zwirner.com\/one-man-band\/geburtstagsfeier-mit-handmade-livemusik\/#primaryimage"},"image":{"@id":"https:\/\/zwirner.com\/one-man-band\/geburtstagsfeier-mit-handmade-livemusik\/#primaryimage"},"thumbnailUrl":"https:\/\/zwirner.com\/one-man-band\/wp-content\/uploads\/2019\/02\/inhalt_headerbild_02-1-e1550520315951.jpg","datePublished":"2018-01-19T12:09:15+00:00","dateModified":"2019-02-18T19:54:40+00:00","breadcrumb":{"@id":"https:\/\/zwirner.com\/one-man-band\/geburtstagsfeier-mit-handmade-livemusik\/#breadcrumb"},"inLanguage":"de","potentialAction":[{"@type":"ReadAction","target":["https:\/\/zwirner.com\/one-man-band\/geburtstagsfeier-mit-handmade-livemusik\/"]}]},{"@type":"ImageObject","inLanguage":"de","@id":"https:\/\/zwirner.com\/one-man-band\/geburtstagsfeier-mit-handmade-livemusik\/#primaryimage","url":"https:\/\/zwirner.com\/one-man-band\/wp-content\/uploads\/2019\/02\/inhalt_headerbild_02-1-e1550520315951.jpg","contentUrl":"https:\/\/zwirner.com\/one-man-band\/wp-content\/uploads\/2019\/02\/inhalt_headerbild_02-1-e1550520315951.jpg","width":1872,"height":302},{"@type":"BreadcrumbList","@id":"https:\/\/zwirner.com\/one-man-band\/geburtstagsfeier-mit-handmade-livemusik\/#breadcrumb","itemListElement":[{"@type":"ListItem","position":1,"name":"Startseite","item":"https:\/\/zwirner.com\/one-man-band\/"},{"@type":"ListItem","position":2,"name":"Geburtstagsfeier mit &#8222;handmade&#8220; Livemusik"}]},{"@type":"WebSite","@id":"https:\/\/zwirner.com\/one-man-band\/#website","url":"https:\/\/zwirner.com\/one-man-band\/","name":"&quot;Guitars from Heaven&quot;","description":"Rolf Zwirner-Solo, Guitar-Instrumentals (optional Violin, Piano)","publisher":{"@id":"https:\/\/zwirner.com\/one-man-band\/#organization"},"potentialAction":[{"@type":"SearchAction","target":{"@type":"EntryPoint","urlTemplate":"https:\/\/zwirner.com\/one-man-band\/?s={search_term_string}"},"query-input":{"@type":"PropertyValueSpecification","valueRequired":true,"valueName":"search_term_string"}}],"inLanguage":"de"},{"@type":"Organization","@id":"https:\/\/zwirner.com\/one-man-band\/#organization","name":"Rolf Zwirner, niveauvolle Live-Musik f\u00fcr Ihr Event","url":"https:\/\/zwirner.com\/one-man-band\/","logo":{"@type":"ImageObject","inLanguage":"de","@id":"https:\/\/zwirner.com\/one-man-band\/#\/schema\/logo\/image\/","url":"https:\/\/zwirner.com\/one-man-band\/wp-content\/uploads\/2018\/01\/rolf_solo_01-1.jpg","contentUrl":"https:\/\/zwirner.com\/one-man-band\/wp-content\/uploads\/2018\/01\/rolf_solo_01-1.jpg","width":479,"height":615,"caption":"Rolf Zwirner, niveauvolle Live-Musik f\u00fcr Ihr Event"},"image":{"@id":"https:\/\/zwirner.com\/one-man-band\/#\/schema\/logo\/image\/"},"sameAs":["https:\/\/www.facebook.com\/RolfZwirnerAndFriends\/","https:\/\/www.youtube.com\/channel\/UC2AW5nN5pnDbxHnVEja22KA"]}]}},"_links":{"self":[{"href":"https:\/\/zwirner.com\/one-man-band\/wp-json\/wp\/v2\/pages\/196","targetHints":{"allow":["GET"]}}],"collection":[{"href":"https:\/\/zwirner.com\/one-man-band\/wp-json\/wp\/v2\/pages"}],"about":[{"href":"https:\/\/zwirner.com\/one-man-band\/wp-json\/wp\/v2\/types\/page"}],"author":[{"embeddable":true,"href":"https:\/\/zwirner.com\/one-man-band\/wp-json\/wp\/v2\/users\/1"}],"replies":[{"embeddable":true,"href":"https:\/\/zwirner.com\/one-man-band\/wp-json\/wp\/v2\/comments?post=196"}],"version-history":[{"count":3,"href":"https:\/\/zwirner.com\/one-man-band\/wp-json\/wp\/v2\/pages\/196\/revisions"}],"predecessor-version":[{"id":220,"href":"https:\/\/zwirner.com\/one-man-band\/wp-json\/wp\/v2\/pages\/196\/revisions\/220"}],"wp:featuredmedia":[{"embeddable":true,"href":"https:\/\/zwirner.com\/one-man-band\/wp-json\/wp\/v2\/media\/422"}],"wp:attachment":[{"href":"https:\/\/zwirner.com\/one-man-band\/wp-json\/wp\/v2\/media?parent=196"}],"curies":[{"name":"wp","href":"https:\/\/api.w.org\/{rel}","templated":true}]}}