{"id":117,"date":"2018-01-17T20:30:17","date_gmt":"2018-01-17T19:30:17","guid":{"rendered":"http:\/\/zwirner.com\/one-man-band\/?page_id=117"},"modified":"2018-01-19T13:51:14","modified_gmt":"2018-01-19T12:51:14","slug":"anlaesse","status":"publish","type":"page","link":"https:\/\/zwirner.com\/one-man-band\/anlaesse\/","title":{"rendered":"Anl\u00e4sse"},"content":{"rendered":"<h2>Events<\/h2>\n<p>F\u00fcr welche Anl\u00e4sse eignet sich die Musik?<br \/>\nWie gro\u00df ist mein Aktions-Radius?<br \/>\nSuchen Sie noch eine geeignete Location?<br \/>\nHier finden Sie eine \u00dcbersicht von traumhaften Orten, wo ich bereits aufgetretreten bin.<\/p>\n<p>&nbsp;<\/p>\n<table border=\"0\" width=\"100%\" cellspacing=\"10\" cellpadding=\"0\">\n<tbody>\n<tr>\n<td colspan=\"6\" align=\"center\">\n<h3 style=\"text-align: left;\">Mit den hier aufgef\u00fchrten Stichpunkten m\u00f6chte ich Ihnen Vorschl\u00e4ge machen und Tipps geben, die Ihnen bei der musikalische Planung Ihres Festes behilflich sein sollen.<\/h3>\n<hr \/>\n<\/td>\n<\/tr>\n<tr>\n<td valign=\"top\">\n<h3>Meine Performance \/ Formation:<\/h3>\n<\/td>\n<td valign=\"top\">\n<h3>Anl\u00e4sse, f\u00fcr die sich meine Musik sehr gut eignet:<\/h3>\n<\/td>\n<td valign=\"top\">\n<h3>Musikalische Bandbreite:<\/h3>\n<\/td>\n<td valign=\"top\">\n<h3>Auftritts-Radius, Orte, an denen ich schon aufgetreten bin:<\/h3>\n<\/td>\n<td valign=\"top\">\n<h3>Locations, wo ich schon aufgetreten bin:<\/h3>\n<\/td>\n<td valign=\"top\">\n<h3>Auftritts-Radius nach Regionen:<\/h3>\n<\/td>\n<\/tr>\n<tr>\n<td valign=\"top\" width=\"17%\" height=\"2430\">Alleinunterhalter<br \/>\nBegleitmusiker<br \/>\nBlues Musiker<br \/>\nCoverband<br \/>\nDJ<br \/>\nE-Gitarrist<br \/>\nE-Geiger<br \/>\nEinzelmusiker<br \/>\nFiddle Spieler<br \/>\nGeiger<br \/>\nGitarrist<br \/>\nJazzmusiker<br \/>\nHintergrundmusiker<br \/>\nInstrumentalist<br \/>\nIrish Fiddle<br \/>\nKlavierspieler<br \/>\nLive Musiker<br \/>\nLivemusiker<br \/>\nMusiker<br \/>\nOne Man Band<br \/>\nMultiinstrumentalist<br \/>\nPianist<br \/>\nRockgitarrist<br \/>\nSolist<br \/>\nSwing Geiger<br \/>\nUnterhalter<br \/>\nUnterhaltungsmusiker<br \/>\nViolinist<br \/>\nViolinspieler<\/td>\n<td valign=\"top\" width=\"15%\">50. Geburtstag<br \/>\n60. Geburtstag<br \/>\n70. Geburtstag<br \/>\nAperitif<br \/>\nBegleitmusik<br \/>\nBegleitung<br \/>\nChillout Musik<br \/>\nDinner<br \/>\nEmpfang<br \/>\nEvent<br \/>\nFeier<br \/>\nFest<br \/>\nFirmenfeier<br \/>\nGala<br \/>\nGartenfest<br \/>\nGartenparty<br \/>\nGeburtstag<br \/>\nGeburtstagsfeier<br \/>\nGoldene Hochzeit<br \/>\nHintergrund<br \/>\nHintergrundmusik<br \/>\nHochzeit<br \/>\nHochzeitsfeier<br \/>\nLounge Musik<br \/>\nParty<br \/>\nRunder Geburtstag<br \/>\nSektempfang<br \/>\nSilberhochzeit<br \/>\nSommerfest<br \/>\nUnterhaltungsmusik<br \/>\nUntermalung<br \/>\nWeihnachtsfeier<\/td>\n<td valign=\"top\" width=\"10%\">Blues<br \/>\nBossa Nova<br \/>\nEasy ListeningClassic Rock<br \/>\nCrossover<br \/>\nEthno<br \/>\nEvergreens<br \/>\nFolk<br \/>\nGypsy<br \/>\nGypsy-Swing<br \/>\nJazz<br \/>\nKlassik<br \/>\nLatin<br \/>\nLive Musik<br \/>\nLivemusik<br \/>\nManouche<br \/>\nOldies<br \/>\nPop<br \/>\nRock<br \/>\nSalsa<br \/>\nSamba<br \/>\nSwing<br \/>\nTango<br \/>\nTanzmusik<br \/>\nWalzer<\/td>\n<td valign=\"top\" width=\"19%\">Alsheim<br \/>\nAlzey<br \/>\nBad Camberg<br \/>\nBad D\u00fcrkheim<br \/>\nBad Ems<br \/>\nBad Kreuznach<br \/>\nBad Salzhausen<br \/>\nBad Schwalbach<br \/>\nB\u00e4rstadt<br \/>\nBendorf<br \/>\nBensheim<br \/>\nBeselich Betzdorf<br \/>\nBiblis<br \/>\nBodenheim<br \/>\nBudenheim<br \/>\nBurbach<br \/>\nButzbach<br \/>\nDarmstadt<br \/>\nDieburg<br \/>\nDietz<br \/>\nDreieich<br \/>\nDreieichenhain<br \/>\nD\u00fcsseldorf<br \/>\nEbersheim<br \/>\nEdesheim<br \/>\nEgelsbach<br \/>\nEltville<br \/>\nEppstein<br \/>\nErbach<br \/>\nEssenheim<br \/>\nFl\u00f6rsheim<br \/>\nFrankenbach<br \/>\nFrankenberg<br \/>\nFrankfurt<br \/>\nGau-Bischofsheim<br \/>\nGeisenheim Giessen<br \/>\nGirod<br \/>\nG\u00f6cklingen<br \/>\nGondelsheim<br \/>\nGundelsheim<br \/>\nHanau<br \/>\nHarxheim<br \/>\nHattenheim<br \/>\nHeuchelheim<br \/>\nHochheim<br \/>\nH\u00f6chst\/Odenwald<br \/>\nHofheim<br \/>\nH\u00f6hr<br \/>\nHusum<br \/>\nGrenzhausen<br \/>\nIdstein<br \/>\nIngelheim<br \/>\nJonannisberg<br \/>\nKaiserslautern<br \/>\nKapellen<br \/>\nKarben<br \/>\nKelkheim<br \/>\nKiedrich<br \/>\nKirchheim unter Teck<br \/>\nKlingenm\u00fcnster<br \/>\nKoblenz<br \/>\nK\u00f6ngernheim<br \/>\nK\u00f6nigstein<br \/>\nKorbach<br \/>\nLandau<br \/>\nLangen<br \/>\nLaubach<br \/>\nLaubenheim<br \/>\nLaufenselden<br \/>\nLautertal<br \/>\nLich<br \/>\nLieser\/Mosel<br \/>\nLimburg<br \/>\nLindenberg<br \/>\nLobenfeld<br \/>\nMainz<br \/>\nMassenheim<br \/>\nMedenbach<br \/>\nMettmann<br \/>\nM\u00f6nchberg<br \/>\nMontabaur<br \/>\nM\u00f6rfelden<br \/>\nM\u00fchltal<br \/>\nNackenheim<br \/>\nNassau<br \/>\nNeu-Anspach<br \/>\nNeukirchen<br \/>\nNeuwied<br \/>\nNiedererlenbach<br \/>\nNiedergladbach<br \/>\nNiedernhausen<br \/>\nNierstein<br \/>\nN\u00fcrnberg<br \/>\nObergladbach<br \/>\nOestrich-Winkel<br \/>\nOffstein<br \/>\nOppenheim<br \/>\nOsthofen<br \/>\nOtzberg-Habitzheim<br \/>\nRansbach-Baumbach<br \/>\nReichelsheim<br \/>\nR\u00fcdesheim<br \/>\nR\u00fcsselsheim<br \/>\nSchlangenbad<br \/>\nSchmitten<br \/>\nSchornsheim<br \/>\nSchwabenheim<br \/>\nSchw\u00e4bisch-Hall<br \/>\nSchweinfurt<br \/>\nStadecken-Elsheim<br \/>\nTaunusstein<br \/>\nTheilheim<br \/>\nTrier<br \/>\nUdenheim<br \/>\nUrbar<br \/>\nUsingen<br \/>\nWaldems<br \/>\nWeilburg<br \/>\nWeilrod<br \/>\nWicker<br \/>\nWiesbaden<br \/>\nWillingen (Westerwald)<br \/>\nWorms<br \/>\nZweikirchen-Tiefenbach<\/td>\n<td valign=\"top\" width=\"25%\">Alte Guldenm\u00fchle (Niedernhausen)<br \/>\nAlte Klosterm\u00fchle (Lich)<br \/>\nAlter Obstkeller (M\u00f6nchberg)<br \/>\nAnkerm\u00fchle (Oestrich-Winkel)<br \/>\nBingen-R\u00fcdesheimer (Schiffahrtsgesellschaft)<br \/>\nBornbachhalle (Laufenselden)<br \/>\nBreitenbacher Hof (Betzdorf)<br \/>\nBrentanoscheune (Oestrich-Winkel)<br \/>\nBurg Frankenstein (Darmstadt)<br \/>\nBurg Gleiberg (Giessen)<br \/>\nBurg Hattenheim<br \/>\nBurg Hohenstein (Hohenstein)<br \/>\nBurg Schwarzenstein<br \/>\nBurg Stahleck (Bacharach)<br \/>\nBurg Weisenau (Mainz)<br \/>\nBurgkeller (Dreieichenhain)<br \/>\nDas Nack (Gau-Bischofsheim)<br \/>\nDom\u00e4ne Mechtildshausen (Wiesbaden)<br \/>\nDomhof Guntersblum<br \/>\nDomhotel (Limburg)<br \/>\nEderberglandhalle (Frankenberg)<br \/>\nFeierscheier (Mainz)<br \/>\nFreim\u00fchle, Hotel-Restaurant (Girod)<br \/>\nGasthaus LoewenThor &amp; Hotel (Gondelsheim)<br \/>\nGolf Club Rhein-Main (Wiesbaden)<br \/>\nGut H\u00f6hne (Mettmann)<br \/>\nHessenpark (Neu-Anspach)<br \/>\nHilton (Mainz)<br \/>\nHinkelhaus (Medenbach)<br \/>\nHochzeitscheune (Laubach)<br \/>\nHof Herzberg (Essenheim)<br \/>\nHofgut Georgenthal (Hohenstein)<br \/>\nHofgut Habitzheim (Otzberg-Habitzheim)<br \/>\nHofgut Hohenstein (Lautertal)<br \/>\nHofgut Massenheim<br \/>\nHofgut-Ebling (Schornsheim)<br \/>\nHofreite am Schlo\u00df (Massenheim)<br \/>\nHofreite Goldener Apfel, Gew\u00f6lbekeller (M\u00f6rfelden)<br \/>\nHORBES Gasthof Zum Johannland (Netphen)<br \/>\nHotel Favorite (Mainz)<br \/>\nHotel Fuchskaute (Willingen Westerwald)<br \/>\nHotel Haus Neugebauer (Johannisberg)<br \/>\nHotel Heinz (H\u00f6hr Grenzhausen)<br \/>\nHotel Krone (Nassau)<br \/>\nHotel R\u00f6mer (Butzbach)<br \/>\nHotel Wei\u00dfer Schwan (Darmstadt)<br \/>\nJagdschloss Platte (Wiesbaden)<br \/>\nJohanniter Hotel (Butzbach)<br \/>\nJuice Factory, Rapps (Karben)<br \/>\nKaiserberghalle G\u00f6cklingen<br \/>\nKaisersaal (Wi-Sonnenberg)<br \/>\nKaisertempel (Eppstein)<br \/>\nKloster Arnsburg (Lich)<br \/>\nKloster Bronnbach<br \/>\nKloster Eberbach<br \/>\nKloster Johannisberg<br \/>\nKloster Schiffenberg (Giessen)<br \/>\nKloster zum Griechen (Lobenfeld)<br \/>\nKlostergut Besselich (Urbar)Kolpinghaus (Hochheim)<br \/>\nKongresshalle (Giessen)<br \/>\nKronenschl\u00f6sschen (Hattenheim)<br \/>\nKupferbergterassen (Mainz)<br \/>\nLandgasthof Hahn (Zweikirchen-Tiefenbach)<br \/>\nLandhotel Burkartsm\u00fchle (Hofheim)<br \/>\nLandhotel St. Gereon (Nackenheim)<br \/>\nLandhotel Zum Schwanen (Osthofen)<br \/>\nLennebergturm (Budenheim)<br \/>\nMerian Hotel (Oppenheim)<br \/>\nObsthof Schneider (Biblis)<br \/>\nOpelbad Restaurant (Wiesbaden)<br \/>\nParkcaf\u00e9 (Windeck-Leuscheid)<br \/>\nPrimus-Linie (Mainschiffahrt, Frankfurt)<br \/>\nRistorante Milano (Idstein)<br \/>\nRonneburg<br \/>\nSchiffahrt Nikolay (Budenheim)<br \/>\nSchloss Biebrich (Wiesbaden)<br \/>\nSchloss Kirchheim (Kirchheim unter Teck)<br \/>\nSchlo\u00df Kransberg (Usingen)<br \/>\nSchloss Neuweilnau (Weilrod)<br \/>\nSchloss Reinhartshausen (Eltville-Erbach)<br \/>\nSchloss Sayn (Bendorf)<br \/>\nSchlosshotel Weilburg<br \/>\nSchlo\u00dfweinstube (Wi-Biebrich)<br \/>\nSchuhbeck\u00b4s Check Inn (Egelsbach)<br \/>\nSektkellerei Falkenberg<br \/>\n(Fl\u00f6rsheim)<br \/>\nStadtweingut Alzey<br \/>\nTennisanlage Kohlheck (Wiesbaden)<br \/>\nVan de L\u00fccht (Schiffahrt Oestrich-Winkel)<br \/>\nVilla Borgnis, Kurhaus Im Park (K\u00f6nigstein)<br \/>\nVilla Stokkum Best Western Premier Hotel (Hanau)<br \/>\nWagners Hof (Undenheim)<br \/>\nWaldhaus (Wiesbaden)<br \/>\nWambacher M\u00fchle (Schlangenbad)<br \/>\nWeidem\u00fchle (Wicker)<br \/>\nWeincastell Diehl (Edesheim)<br \/>\nWeingut Dr. Heimers (Offstein)<br \/>\nWeingut Gerster-Wagner (Hattenheim)<br \/>\nWeingut Heise (Nierstein)<br \/>\nWeingut Karth\u00e4userhof (Mainz-Hechtsheim)<br \/>\nWeingut Kochan (Lieser\/Mosel)<br \/>\nWeingut K\u00fcnstler (Hochheim)<br \/>\nWeingut Margarentenhof (Schwabenheim)<br \/>\nWeingut Montana (Bensheim)<br \/>\nWeingut Sandwiese (Worms-Herrnsheim)<br \/>\nWeinhaus Hilbig (Oppenheim)<br \/>\nWeisshaus (Trier)<br \/>\nWiesbadener Golf Club<br \/>\nWiesenm\u00fchle (Fl\u00f6rsheim)<br \/>\nWinterm\u00fchle (Neu-Anspach)<br \/>\nWisperhalle (Ramschied)<br \/>\nZehntscheune (Hanau-Steinheim)<br \/>\nZum Hungrigen Wolf (Neukirchen)<br \/>\nZur Komturei (Gundelsheim)<\/td>\n<td valign=\"top\" width=\"14%\">Baden-W\u00fcrttemberg<br \/>\nBayern<br \/>\nDonnersberg<br \/>\nHessen<br \/>\nHunsr\u00fcck<br \/>\nMosel<br \/>\nNordrhein-Westfalen<br \/>\nOdenwald<br \/>\nPfalz<br \/>\nRhein Rhein-Main<br \/>\nRheingau<br \/>\nRheinhessen<br \/>\nRheinland-Pfalz<br \/>\nRh\u00f6n<br \/>\nSaarland<br \/>\nSiegerland<br \/>\nSpessart<br \/>\nVogelsberg<br \/>\nWesterwald<\/td>\n<\/tr>\n<tr>\n<td colspan=\"6\" align=\"center\">\n<hr \/>\n<\/td>\n<\/tr>\n<\/tbody>\n<\/table>\n","protected":false},"excerpt":{"rendered":"<p>Events F\u00fcr welche Anl\u00e4sse eignet sich die Musik? Wie gro\u00df ist mein Aktions-Radius? Suchen Sie noch eine geeignete Location? Hier finden Sie eine \u00dcbersicht von traumhaften Orten, wo ich bereits aufgetretreten bin. &nbsp; Mit den hier aufgef\u00fchrten Stichpunkten m\u00f6chte ich Ihnen Vorschl\u00e4ge machen und Tipps geben, die Ihnen bei der musikalische Planung Ihres Festes behilflich &hellip; <\/p>\n<p class=\"link-more\"><a href=\"https:\/\/zwirner.com\/one-man-band\/anlaesse\/\" class=\"more-link\"><span class=\"screen-reader-text\">\u201eAnl\u00e4sse\u201c<\/span> weiterlesen<\/a><\/p>\n","protected":false},"author":1,"featured_media":166,"parent":0,"menu_order":0,"comment_status":"closed","ping_status":"closed","template":"","meta":{"footnotes":""},"class_list":["post-117","page","type-page","status-publish","has-post-thumbnail","hentry"],"yoast_head":"<!-- This site is optimized with the Yoast SEO plugin v25.8 - https:\/\/yoast.com\/wordpress\/plugins\/seo\/ -->\n<title>Anl\u00e4sse - &quot;Guitars from Heaven&quot;<\/title>\n<meta name=\"robots\" content=\"index, follow, max-snippet:-1, max-image-preview:large, max-video-preview:-1\" \/>\n<link rel=\"canonical\" href=\"https:\/\/zwirner.com\/one-man-band\/anlaesse\/\" \/>\n<meta property=\"og:locale\" content=\"de_DE\" \/>\n<meta property=\"og:type\" content=\"article\" \/>\n<meta property=\"og:title\" content=\"Anl\u00e4sse - &quot;Guitars from Heaven&quot;\" \/>\n<meta property=\"og:description\" content=\"Events F\u00fcr welche Anl\u00e4sse eignet sich die Musik? Wie gro\u00df ist mein Aktions-Radius? Suchen Sie noch eine geeignete Location? Hier finden Sie eine \u00dcbersicht von traumhaften Orten, wo ich bereits aufgetretreten bin. &nbsp; Mit den hier aufgef\u00fchrten Stichpunkten m\u00f6chte ich Ihnen Vorschl\u00e4ge machen und Tipps geben, die Ihnen bei der musikalische Planung Ihres Festes behilflich &hellip; \u201eAnl\u00e4sse\u201c weiterlesen\" \/>\n<meta property=\"og:url\" content=\"https:\/\/zwirner.com\/one-man-band\/anlaesse\/\" \/>\n<meta property=\"og:site_name\" content=\"&quot;Guitars from Heaven&quot;\" \/>\n<meta property=\"article:publisher\" content=\"https:\/\/www.facebook.com\/RolfZwirnerAndFriends\/\" \/>\n<meta property=\"article:modified_time\" content=\"2018-01-19T12:51:14+00:00\" \/>\n<meta property=\"og:image\" content=\"https:\/\/zwirner.com\/one-man-band\/wp-content\/uploads\/2018\/01\/inhalt_headerbild_01.jpg\" \/>\n\t<meta property=\"og:image:width\" content=\"2857\" \/>\n\t<meta property=\"og:image:height\" content=\"461\" \/>\n\t<meta property=\"og:image:type\" content=\"image\/jpeg\" \/>\n<meta name=\"twitter:card\" content=\"summary_large_image\" \/>\n<meta name=\"twitter:label1\" content=\"Gesch\u00e4tzte Lesezeit\" \/>\n\t<meta name=\"twitter:data1\" content=\"4\u00a0Minuten\" \/>\n<script type=\"application\/ld+json\" class=\"yoast-schema-graph\">{\"@context\":\"https:\/\/schema.org\",\"@graph\":[{\"@type\":\"WebPage\",\"@id\":\"https:\/\/zwirner.com\/one-man-band\/anlaesse\/\",\"url\":\"https:\/\/zwirner.com\/one-man-band\/anlaesse\/\",\"name\":\"Anl\u00e4sse - &quot;Guitars from Heaven&quot;\",\"isPartOf\":{\"@id\":\"https:\/\/zwirner.com\/one-man-band\/#website\"},\"primaryImageOfPage\":{\"@id\":\"https:\/\/zwirner.com\/one-man-band\/anlaesse\/#primaryimage\"},\"image\":{\"@id\":\"https:\/\/zwirner.com\/one-man-band\/anlaesse\/#primaryimage\"},\"thumbnailUrl\":\"https:\/\/zwirner.com\/one-man-band\/wp-content\/uploads\/2018\/01\/inhalt_headerbild_01.jpg\",\"datePublished\":\"2018-01-17T19:30:17+00:00\",\"dateModified\":\"2018-01-19T12:51:14+00:00\",\"breadcrumb\":{\"@id\":\"https:\/\/zwirner.com\/one-man-band\/anlaesse\/#breadcrumb\"},\"inLanguage\":\"de\",\"potentialAction\":[{\"@type\":\"ReadAction\",\"target\":[\"https:\/\/zwirner.com\/one-man-band\/anlaesse\/\"]}]},{\"@type\":\"ImageObject\",\"inLanguage\":\"de\",\"@id\":\"https:\/\/zwirner.com\/one-man-band\/anlaesse\/#primaryimage\",\"url\":\"https:\/\/zwirner.com\/one-man-band\/wp-content\/uploads\/2018\/01\/inhalt_headerbild_01.jpg\",\"contentUrl\":\"https:\/\/zwirner.com\/one-man-band\/wp-content\/uploads\/2018\/01\/inhalt_headerbild_01.jpg\",\"width\":2857,\"height\":461,\"caption\":\"Gitarrist f\u00fcr Geburtstagsfeier, Hochzeitsfeier, Event\"},{\"@type\":\"BreadcrumbList\",\"@id\":\"https:\/\/zwirner.com\/one-man-band\/anlaesse\/#breadcrumb\",\"itemListElement\":[{\"@type\":\"ListItem\",\"position\":1,\"name\":\"Startseite\",\"item\":\"https:\/\/zwirner.com\/one-man-band\/\"},{\"@type\":\"ListItem\",\"position\":2,\"name\":\"Anl\u00e4sse\"}]},{\"@type\":\"WebSite\",\"@id\":\"https:\/\/zwirner.com\/one-man-band\/#website\",\"url\":\"https:\/\/zwirner.com\/one-man-band\/\",\"name\":\"&quot;Guitars from Heaven&quot;\",\"description\":\"Rolf Zwirner-Solo, Guitar-Instrumentals (optional Violin, Piano)\",\"publisher\":{\"@id\":\"https:\/\/zwirner.com\/one-man-band\/#organization\"},\"potentialAction\":[{\"@type\":\"SearchAction\",\"target\":{\"@type\":\"EntryPoint\",\"urlTemplate\":\"https:\/\/zwirner.com\/one-man-band\/?s={search_term_string}\"},\"query-input\":{\"@type\":\"PropertyValueSpecification\",\"valueRequired\":true,\"valueName\":\"search_term_string\"}}],\"inLanguage\":\"de\"},{\"@type\":\"Organization\",\"@id\":\"https:\/\/zwirner.com\/one-man-band\/#organization\",\"name\":\"Rolf Zwirner, niveauvolle Live-Musik f\u00fcr Ihr Event\",\"url\":\"https:\/\/zwirner.com\/one-man-band\/\",\"logo\":{\"@type\":\"ImageObject\",\"inLanguage\":\"de\",\"@id\":\"https:\/\/zwirner.com\/one-man-band\/#\/schema\/logo\/image\/\",\"url\":\"https:\/\/zwirner.com\/one-man-band\/wp-content\/uploads\/2018\/01\/rolf_solo_01-1.jpg\",\"contentUrl\":\"https:\/\/zwirner.com\/one-man-band\/wp-content\/uploads\/2018\/01\/rolf_solo_01-1.jpg\",\"width\":479,\"height\":615,\"caption\":\"Rolf Zwirner, niveauvolle Live-Musik f\u00fcr Ihr Event\"},\"image\":{\"@id\":\"https:\/\/zwirner.com\/one-man-band\/#\/schema\/logo\/image\/\"},\"sameAs\":[\"https:\/\/www.facebook.com\/RolfZwirnerAndFriends\/\",\"https:\/\/www.youtube.com\/channel\/UC2AW5nN5pnDbxHnVEja22KA\"]}]}<\/script>\n<!-- \/ Yoast SEO plugin. -->","yoast_head_json":{"title":"Anl\u00e4sse - &quot;Guitars from Heaven&quot;","robots":{"index":"index","follow":"follow","max-snippet":"max-snippet:-1","max-image-preview":"max-image-preview:large","max-video-preview":"max-video-preview:-1"},"canonical":"https:\/\/zwirner.com\/one-man-band\/anlaesse\/","og_locale":"de_DE","og_type":"article","og_title":"Anl\u00e4sse - &quot;Guitars from Heaven&quot;","og_description":"Events F\u00fcr welche Anl\u00e4sse eignet sich die Musik? Wie gro\u00df ist mein Aktions-Radius? Suchen Sie noch eine geeignete Location? Hier finden Sie eine \u00dcbersicht von traumhaften Orten, wo ich bereits aufgetretreten bin. &nbsp; Mit den hier aufgef\u00fchrten Stichpunkten m\u00f6chte ich Ihnen Vorschl\u00e4ge machen und Tipps geben, die Ihnen bei der musikalische Planung Ihres Festes behilflich &hellip; \u201eAnl\u00e4sse\u201c weiterlesen","og_url":"https:\/\/zwirner.com\/one-man-band\/anlaesse\/","og_site_name":"&quot;Guitars from Heaven&quot;","article_publisher":"https:\/\/www.facebook.com\/RolfZwirnerAndFriends\/","article_modified_time":"2018-01-19T12:51:14+00:00","og_image":[{"width":2857,"height":461,"url":"https:\/\/zwirner.com\/one-man-band\/wp-content\/uploads\/2018\/01\/inhalt_headerbild_01.jpg","type":"image\/jpeg"}],"twitter_card":"summary_large_image","twitter_misc":{"Gesch\u00e4tzte Lesezeit":"4\u00a0Minuten"},"schema":{"@context":"https:\/\/schema.org","@graph":[{"@type":"WebPage","@id":"https:\/\/zwirner.com\/one-man-band\/anlaesse\/","url":"https:\/\/zwirner.com\/one-man-band\/anlaesse\/","name":"Anl\u00e4sse - &quot;Guitars from Heaven&quot;","isPartOf":{"@id":"https:\/\/zwirner.com\/one-man-band\/#website"},"primaryImageOfPage":{"@id":"https:\/\/zwirner.com\/one-man-band\/anlaesse\/#primaryimage"},"image":{"@id":"https:\/\/zwirner.com\/one-man-band\/anlaesse\/#primaryimage"},"thumbnailUrl":"https:\/\/zwirner.com\/one-man-band\/wp-content\/uploads\/2018\/01\/inhalt_headerbild_01.jpg","datePublished":"2018-01-17T19:30:17+00:00","dateModified":"2018-01-19T12:51:14+00:00","breadcrumb":{"@id":"https:\/\/zwirner.com\/one-man-band\/anlaesse\/#breadcrumb"},"inLanguage":"de","potentialAction":[{"@type":"ReadAction","target":["https:\/\/zwirner.com\/one-man-band\/anlaesse\/"]}]},{"@type":"ImageObject","inLanguage":"de","@id":"https:\/\/zwirner.com\/one-man-band\/anlaesse\/#primaryimage","url":"https:\/\/zwirner.com\/one-man-band\/wp-content\/uploads\/2018\/01\/inhalt_headerbild_01.jpg","contentUrl":"https:\/\/zwirner.com\/one-man-band\/wp-content\/uploads\/2018\/01\/inhalt_headerbild_01.jpg","width":2857,"height":461,"caption":"Gitarrist f\u00fcr Geburtstagsfeier, Hochzeitsfeier, Event"},{"@type":"BreadcrumbList","@id":"https:\/\/zwirner.com\/one-man-band\/anlaesse\/#breadcrumb","itemListElement":[{"@type":"ListItem","position":1,"name":"Startseite","item":"https:\/\/zwirner.com\/one-man-band\/"},{"@type":"ListItem","position":2,"name":"Anl\u00e4sse"}]},{"@type":"WebSite","@id":"https:\/\/zwirner.com\/one-man-band\/#website","url":"https:\/\/zwirner.com\/one-man-band\/","name":"&quot;Guitars from Heaven&quot;","description":"Rolf Zwirner-Solo, Guitar-Instrumentals (optional Violin, Piano)","publisher":{"@id":"https:\/\/zwirner.com\/one-man-band\/#organization"},"potentialAction":[{"@type":"SearchAction","target":{"@type":"EntryPoint","urlTemplate":"https:\/\/zwirner.com\/one-man-band\/?s={search_term_string}"},"query-input":{"@type":"PropertyValueSpecification","valueRequired":true,"valueName":"search_term_string"}}],"inLanguage":"de"},{"@type":"Organization","@id":"https:\/\/zwirner.com\/one-man-band\/#organization","name":"Rolf Zwirner, niveauvolle Live-Musik f\u00fcr Ihr Event","url":"https:\/\/zwirner.com\/one-man-band\/","logo":{"@type":"ImageObject","inLanguage":"de","@id":"https:\/\/zwirner.com\/one-man-band\/#\/schema\/logo\/image\/","url":"https:\/\/zwirner.com\/one-man-band\/wp-content\/uploads\/2018\/01\/rolf_solo_01-1.jpg","contentUrl":"https:\/\/zwirner.com\/one-man-band\/wp-content\/uploads\/2018\/01\/rolf_solo_01-1.jpg","width":479,"height":615,"caption":"Rolf Zwirner, niveauvolle Live-Musik f\u00fcr Ihr Event"},"image":{"@id":"https:\/\/zwirner.com\/one-man-band\/#\/schema\/logo\/image\/"},"sameAs":["https:\/\/www.facebook.com\/RolfZwirnerAndFriends\/","https:\/\/www.youtube.com\/channel\/UC2AW5nN5pnDbxHnVEja22KA"]}]}},"_links":{"self":[{"href":"https:\/\/zwirner.com\/one-man-band\/wp-json\/wp\/v2\/pages\/117","targetHints":{"allow":["GET"]}}],"collection":[{"href":"https:\/\/zwirner.com\/one-man-band\/wp-json\/wp\/v2\/pages"}],"about":[{"href":"https:\/\/zwirner.com\/one-man-band\/wp-json\/wp\/v2\/types\/page"}],"author":[{"embeddable":true,"href":"https:\/\/zwirner.com\/one-man-band\/wp-json\/wp\/v2\/users\/1"}],"replies":[{"embeddable":true,"href":"https:\/\/zwirner.com\/one-man-band\/wp-json\/wp\/v2\/comments?post=117"}],"version-history":[{"count":7,"href":"https:\/\/zwirner.com\/one-man-band\/wp-json\/wp\/v2\/pages\/117\/revisions"}],"predecessor-version":[{"id":210,"href":"https:\/\/zwirner.com\/one-man-band\/wp-json\/wp\/v2\/pages\/117\/revisions\/210"}],"wp:featuredmedia":[{"embeddable":true,"href":"https:\/\/zwirner.com\/one-man-band\/wp-json\/wp\/v2\/media\/166"}],"wp:attachment":[{"href":"https:\/\/zwirner.com\/one-man-band\/wp-json\/wp\/v2\/media?parent=117"}],"curies":[{"name":"wp","href":"https:\/\/api.w.org\/{rel}","templated":true}]}}